{"id":3409,"date":"2020-06-01T13:12:00","date_gmt":"2020-06-01T20:12:00","guid":{"rendered":"http:\/\/abogadoray.wpengine.com\/?page_id=3409"},"modified":"2025-11-11T12:48:58","modified_gmt":"2025-11-11T19:48:58","slug":"espanol-carina-guillen","status":"publish","type":"page","link":"https:\/\/abogadoray.com\/es\/nuestro-equipo\/espanol-carina-guillen\/","title":{"rendered":"Espa\u00f1ol Carina Guill\u00e9n"},"content":{"rendered":"<div data-elementor-type=\"wp-page\" data-elementor-id=\"3409\" class=\"elementor elementor-3409\" data-elementor-post-type=\"page\">\n\t\t\t\t\t\t<section class=\"elementor-section elementor-top-section elementor-element elementor-element-557c300 elementor-section-boxed elementor-section-height-default elementor-section-height-default\" data-id=\"557c300\" data-element_type=\"section\" data-settings=\"{&quot;background_background&quot;:&quot;classic&quot;}\">\n\t\t\t\t\t\t\t<div class=\"elementor-background-overlay\"><\/div>\n\t\t\t\t\t\t\t<div class=\"elementor-container elementor-column-gap-default\">\n\t\t\t\t\t<div class=\"elementor-column elementor-col-100 elementor-top-column elementor-element elementor-element-3faf0cfb\" data-id=\"3faf0cfb\" data-element_type=\"column\">\n\t\t\t<div class=\"elementor-widget-wrap elementor-element-populated\">\n\t\t\t\t\t\t<div class=\"elementor-element elementor-element-505f90fb elementor-widget elementor-widget-heading\" data-id=\"505f90fb\" data-element_type=\"widget\" data-widget_type=\"heading.default\">\n\t\t\t\t<div class=\"elementor-widget-container\">\n\t\t\t\t\t<h1 class=\"elementor-heading-title elementor-size-default\">CARINA GUILLEN<\/h1>\t\t\t\t<\/div>\n\t\t\t\t<\/div>\n\t\t\t\t<div class=\"elementor-element elementor-element-1dd218a8 elementor-widget elementor-widget-text-editor\" data-id=\"1dd218a8\" data-element_type=\"widget\" data-widget_type=\"text-editor.default\">\n\t\t\t\t<div class=\"elementor-widget-container\">\n\t\t\t\t\t\t\t\t\t<p>Asistente legal senior de inmigraci\u00f3n, Ybarra Maldonado &amp; Associates<\/p>\t\t\t\t\t\t\t\t<\/div>\n\t\t\t\t<\/div>\n\t\t\t\t\t<\/div>\n\t\t<\/div>\n\t\t\t\t\t<\/div>\n\t\t<\/section>\n\t\t\t\t<section class=\"elementor-section elementor-top-section elementor-element elementor-element-6ddd8f4 elementor-section-boxed elementor-section-height-default elementor-section-height-default\" data-id=\"6ddd8f4\" data-element_type=\"section\">\n\t\t\t\t\t\t<div class=\"elementor-container elementor-column-gap-default\">\n\t\t\t\t\t<div class=\"elementor-column elementor-col-100 elementor-top-column elementor-element elementor-element-9f53417\" data-id=\"9f53417\" data-element_type=\"column\">\n\t\t\t<div class=\"elementor-widget-wrap elementor-element-populated\">\n\t\t\t\t\t\t<div class=\"elementor-element elementor-element-9a0a22d elementor-widget elementor-widget-breadcrumbs\" data-id=\"9a0a22d\" data-element_type=\"widget\" data-widget_type=\"breadcrumbs.default\">\n\t\t\t\t<div class=\"elementor-widget-container\">\n\t\t\t\t\t<p id=\"breadcrumbs\"><span><span><a href=\"https:\/\/abogadoray.com\/es\/\">Hogar<\/a><\/span><\/span><\/p>\t\t\t\t<\/div>\n\t\t\t\t<\/div>\n\t\t\t\t\t<\/div>\n\t\t<\/div>\n\t\t\t\t\t<\/div>\n\t\t<\/section>\n\t\t\t\t<section class=\"elementor-section elementor-top-section elementor-element elementor-element-6e5e053a elementor-section-boxed elementor-section-height-default elementor-section-height-default\" data-id=\"6e5e053a\" data-element_type=\"section\">\n\t\t\t\t\t\t<div class=\"elementor-container elementor-column-gap-default\">\n\t\t\t\t\t<div class=\"elementor-column elementor-col-50 elementor-top-column elementor-element elementor-element-461a58b6\" data-id=\"461a58b6\" data-element_type=\"column\">\n\t\t\t<div class=\"elementor-widget-wrap elementor-element-populated\">\n\t\t\t\t\t\t<div class=\"elementor-element elementor-element-bff35c1 elementor-widget elementor-widget-image\" data-id=\"bff35c1\" data-element_type=\"widget\" data-widget_type=\"image.default\">\n\t\t\t\t<div class=\"elementor-widget-container\">\n\t\t\t\t\t\t\t\t\t\t\t\t\t\t\t<img fetchpriority=\"high\" decoding=\"async\" width=\"384\" height=\"500\" src=\"https:\/\/abogadoray.com\/wp-content\/uploads\/2020\/05\/carina-guillen-headshot.jpg\" class=\"attachment-large size-large wp-image-3206\" alt=\"carina-guillen-tiro en la cabeza\" srcset=\"https:\/\/abogadoray.com\/wp-content\/uploads\/2020\/05\/carina-guillen-headshot.jpg 384w, https:\/\/abogadoray.com\/wp-content\/uploads\/2020\/05\/carina-guillen-headshot-230x300.jpg 230w\" sizes=\"(max-width: 384px) 100vw, 384px\" \/>\t\t\t\t\t\t\t\t\t\t\t\t\t\t\t<\/div>\n\t\t\t\t<\/div>\n\t\t\t\t<div class=\"elementor-element elementor-element-b3b4267 elementor-shape-rounded elementor-grid-0 e-grid-align-center elementor-widget elementor-widget-social-icons\" data-id=\"b3b4267\" data-element_type=\"widget\" data-widget_type=\"social-icons.default\">\n\t\t\t\t<div class=\"elementor-widget-container\">\n\t\t\t\t\t\t\t<div class=\"elementor-social-icons-wrapper elementor-grid\">\n\t\t\t\t\t\t\t<span class=\"elementor-grid-item\">\n\t\t\t\t\t<a class=\"elementor-icon elementor-social-icon elementor-social-icon-mail-bulk elementor-repeater-item-7d5033a\" href=\"mailto:carina@abogadoray.com\" target=\"_blank\">\n\t\t\t\t\t\t<span class=\"elementor-screen-only\">Correo masivo<\/span>\n\t\t\t\t\t\t<i class=\"fas fa-mail-bulk\"><\/i>\t\t\t\t\t<\/a>\n\t\t\t\t<\/span>\n\t\t\t\t\t<\/div>\n\t\t\t\t\t\t<\/div>\n\t\t\t\t<\/div>\n\t\t\t\t\t<\/div>\n\t\t<\/div>\n\t\t\t\t<div class=\"elementor-column elementor-col-50 elementor-top-column elementor-element elementor-element-162e5d22\" data-id=\"162e5d22\" data-element_type=\"column\">\n\t\t\t<div class=\"elementor-widget-wrap elementor-element-populated\">\n\t\t\t\t\t\t<div class=\"elementor-element elementor-element-65c97e15 elementor-widget elementor-widget-text-editor\" data-id=\"65c97e15\" data-element_type=\"widget\" data-widget_type=\"text-editor.default\">\n\t\t\t\t<div class=\"elementor-widget-container\">\n\t\t\t\t\t\t\t\t\t<p>La Sra. Carina V. Guill\u00e9n naci\u00f3 en M\u00e9xico y creci\u00f3 en Phoenix, Arizona. Se involucr\u00f3 en el movimiento de inmigraci\u00f3n despu\u00e9s de la aprobaci\u00f3n de la Proposici\u00f3n 300, dise\u00f1ada para evitar que los estudiantes indocumentados, que son residentes de Arizona, logren el sue\u00f1o de una educaci\u00f3n superior, descalific\u00e1ndolos para pagar la matr\u00edcula estatal. Desde 2006, Carina se involucr\u00f3 de cerca en el movimiento por los derechos de los inmigrantes en Arizona y fue una organizadora comunitaria fundamental para organizaciones de base, organizaciones sin fines de lucro y sindicatos a nivel local. Fue organizadora de Tonatierra durante las protestas de Pruitt y fue fundamental en la coordinaci\u00f3n de los esfuerzos de observaci\u00f3n legal durante las redadas de Arpaio.<\/p><p>Adem\u00e1s, fue una organizadora comunitaria para la Coalici\u00f3n Somos Am\u00e9rica, donde desempe\u00f1\u00f3 un papel fundamental coordinando la inmigraci\u00f3n comunitaria y los foros educativos que aportaron recursos muy necesarios a la comunidad inmigrante. Su trabajo y compromiso tambi\u00e9n se exhibieron durante el \u00a1Ya Es Hora! Campa\u00f1a de Ciudadania donde brind\u00f3 una gran cantidad de horas de voluntariado para ayudar a los residentes legales permanentes elegibles a solicitar su ciudadan\u00eda. Carina ha trabajado para UFCW Local 99, la Asociaci\u00f3n Nacional de Funcionarios Latinos Electos (NALEO), la Uni\u00f3n Internacional de Empleados de Servicio (SEIU) y Mi Familia Vota uniendo a las comunidades latinas, inmigrantes y aliadas para promover la justicia social y econ\u00f3mica a trav\u00e9s de una mayor participaci\u00f3n c\u00edvica.<\/p><p>Tambi\u00e9n tiene m\u00e1s de cinco a\u00f1os de experiencia en el campo legal, y fue la ex Directora de Operaciones Comerciales en Cima Law Group. Ha trabajado con varios destacados abogados de inmigraci\u00f3n en Phoenix. Las pasiones de Carina son la m\u00fasica, la justicia, el activismo, viajar y cocinar. Ella cree firmemente que &quot;la injusticia en cualquier lugar, es una amenaza para la justicia en todas partes&quot; (Martin Luther King, Jr.).<\/p>\t\t\t\t\t\t\t\t<\/div>\n\t\t\t\t<\/div>\n\t\t\t\t\t<\/div>\n\t\t<\/div>\n\t\t\t\t\t<\/div>\n\t\t<\/section>\n\t\t\t\t<section class=\"elementor-section elementor-top-section elementor-element elementor-element-e1f59da elementor-section-boxed elementor-section-height-default elementor-section-height-default\" data-id=\"e1f59da\" data-element_type=\"section\">\n\t\t\t\t\t\t<div class=\"elementor-container elementor-column-gap-default\">\n\t\t\t\t\t<div class=\"elementor-column elementor-col-33 elementor-top-column elementor-element elementor-element-34aaad43\" data-id=\"34aaad43\" data-element_type=\"column\">\n\t\t\t<div class=\"elementor-widget-wrap elementor-element-populated\">\n\t\t\t\t\t\t<div class=\"elementor-element elementor-element-5396b01 elementor-position-top elementor-widget elementor-widget-image-box\" data-id=\"5396b01\" data-element_type=\"widget\" data-widget_type=\"image-box.default\">\n\t\t\t\t<div class=\"elementor-widget-container\">\n\t\t\t\t\t<div class=\"elementor-image-box-wrapper\"><figure class=\"elementor-image-box-img\"><img decoding=\"async\" width=\"58\" height=\"66\" src=\"https:\/\/abogadoray.com\/wp-content\/uploads\/2020\/05\/Vector-Smart-Object.png\" class=\"attachment-full size-full wp-image-3323\" alt=\"abogado dedicado de Phoenix\" \/><\/figure><div class=\"elementor-image-box-content\"><h4 class=\"elementor-image-box-title\">DEDICACI\u00d3N<\/h4><p class=\"elementor-image-box-description\">Estamos dedicados a mantener un v\u00ednculo fuerte y ra\u00edces profundas en nuestras comunidades en Arizona.<\/p><\/div><\/div>\t\t\t\t<\/div>\n\t\t\t\t<\/div>\n\t\t\t\t\t<\/div>\n\t\t<\/div>\n\t\t\t\t<div class=\"elementor-column elementor-col-33 elementor-top-column elementor-element elementor-element-1394ef7b\" data-id=\"1394ef7b\" data-element_type=\"column\">\n\t\t\t<div class=\"elementor-widget-wrap elementor-element-populated\">\n\t\t\t\t\t\t<div class=\"elementor-element elementor-element-58965061 elementor-position-top elementor-widget elementor-widget-image-box\" data-id=\"58965061\" data-element_type=\"widget\" data-widget_type=\"image-box.default\">\n\t\t\t\t<div class=\"elementor-widget-container\">\n\t\t\t\t\t<div class=\"elementor-image-box-wrapper\"><figure class=\"elementor-image-box-img\"><img decoding=\"async\" width=\"64\" height=\"64\" src=\"https:\/\/abogadoray.com\/wp-content\/uploads\/2020\/05\/Vector-Smart-Object-1.png\" class=\"attachment-full size-full wp-image-3324\" alt=\"abogado experimentado en phoenix\" \/><\/figure><div class=\"elementor-image-box-content\"><h4 class=\"elementor-image-box-title\">EXPERIENCIA<\/h4><p class=\"elementor-image-box-description\">Nuestras habilidades y experiencia colectiva nos permiten proporcionar un alto nivel de servicio galardonado.<\/p><\/div><\/div>\t\t\t\t<\/div>\n\t\t\t\t<\/div>\n\t\t\t\t\t<\/div>\n\t\t<\/div>\n\t\t\t\t<div class=\"elementor-column elementor-col-33 elementor-top-column elementor-element elementor-element-686031ef\" data-id=\"686031ef\" data-element_type=\"column\">\n\t\t\t<div class=\"elementor-widget-wrap elementor-element-populated\">\n\t\t\t\t\t\t<div class=\"elementor-element elementor-element-66e46528 elementor-position-top elementor-widget elementor-widget-image-box\" data-id=\"66e46528\" data-element_type=\"widget\" data-widget_type=\"image-box.default\">\n\t\t\t\t<div class=\"elementor-widget-container\">\n\t\t\t\t\t<div class=\"elementor-image-box-wrapper\"><figure class=\"elementor-image-box-img\"><img loading=\"lazy\" decoding=\"async\" width=\"47\" height=\"67\" src=\"https:\/\/abogadoray.com\/wp-content\/uploads\/2020\/05\/Vector-Smart-Object-2.png\" class=\"attachment-full size-full wp-image-3325\" alt=\"Abogado 24\/7 phoenix\" \/><\/figure><div class=\"elementor-image-box-content\"><h4 class=\"elementor-image-box-title\">DISPONIBILIDAD<\/h4><p class=\"elementor-image-box-description\">Nuestros abogados est\u00e1n disponibles de d\u00eda o de noche para que no tenga que esperar la ayuda y el apoyo.<\/p><\/div><\/div>\t\t\t\t<\/div>\n\t\t\t\t<\/div>\n\t\t\t\t\t<\/div>\n\t\t<\/div>\n\t\t\t\t\t<\/div>\n\t\t<\/section>\n\t\t\t\t<section class=\"elementor-section elementor-top-section elementor-element elementor-element-7952658a elementor-section-boxed elementor-section-height-default elementor-section-height-default\" data-id=\"7952658a\" data-element_type=\"section\" data-settings=\"{&quot;background_background&quot;:&quot;classic&quot;}\">\n\t\t\t\t\t\t\t<div class=\"elementor-background-overlay\"><\/div>\n\t\t\t\t\t\t\t<div class=\"elementor-container elementor-column-gap-default\">\n\t\t\t\t\t<div class=\"elementor-column elementor-col-100 elementor-top-column elementor-element elementor-element-4f5d1e69\" data-id=\"4f5d1e69\" data-element_type=\"column\">\n\t\t\t<div class=\"elementor-widget-wrap elementor-element-populated\">\n\t\t\t\t\t\t<div class=\"elementor-element elementor-element-17fbeb1d elementor-widget elementor-widget-heading\" data-id=\"17fbeb1d\" data-element_type=\"widget\" data-widget_type=\"heading.default\">\n\t\t\t\t<div class=\"elementor-widget-container\">\n\t\t\t\t\t<h2 class=\"elementor-heading-title elementor-size-default\">DINOS <span class=\"red\">TU<\/span> HISTORIA.<\/h2>\t\t\t\t<\/div>\n\t\t\t\t<\/div>\n\t\t\t\t<div class=\"elementor-element elementor-element-30500a4f elementor-widget elementor-widget-text-editor\" data-id=\"30500a4f\" data-element_type=\"widget\" data-widget_type=\"text-editor.default\">\n\t\t\t\t<div class=\"elementor-widget-container\">\n\t\t\t\t\t\t\t\t\t<p><a href=\"tel:6029104040\" target=\"_blank\" rel=\"noopener\">(602) 910-4040<\/a><\/p>\t\t\t\t\t\t\t\t<\/div>\n\t\t\t\t<\/div>\n\t\t\t\t\t<\/div>\n\t\t<\/div>\n\t\t\t\t\t<\/div>\n\t\t<\/section>\n\t\t\t\t<section class=\"elementor-section elementor-top-section elementor-element elementor-element-545aee14 elementor-section-boxed elementor-section-height-default elementor-section-height-default\" data-id=\"545aee14\" data-element_type=\"section\" data-settings=\"{&quot;background_background&quot;:&quot;classic&quot;}\">\n\t\t\t\t\t\t<div class=\"elementor-container elementor-column-gap-default\">\n\t\t\t\t\t<div class=\"elementor-column elementor-col-50 elementor-top-column elementor-element elementor-element-3edc9e70\" data-id=\"3edc9e70\" data-element_type=\"column\">\n\t\t\t<div class=\"elementor-widget-wrap elementor-element-populated\">\n\t\t\t\t\t\t<div class=\"elementor-element elementor-element-4d4e760 elementor-widget elementor-widget-heading\" data-id=\"4d4e760\" data-element_type=\"widget\" data-widget_type=\"heading.default\">\n\t\t\t\t<div class=\"elementor-widget-container\">\n\t\t\t\t\t<h5 class=\"elementor-heading-title elementor-size-default\"><span class=\"dontWait\">NO ESPERE <\/span>DEJE QUE NUESTRA LEY FIRME LE AYUDE. <\/h5>\t\t\t\t<\/div>\n\t\t\t\t<\/div>\n\t\t\t\t\t<\/div>\n\t\t<\/div>\n\t\t\t\t<div class=\"elementor-column elementor-col-50 elementor-top-column elementor-element elementor-element-60a4e711\" data-id=\"60a4e711\" data-element_type=\"column\">\n\t\t\t<div class=\"elementor-widget-wrap elementor-element-populated\">\n\t\t\t\t\t\t<div class=\"elementor-element elementor-element-776b67d2 elementor-align-left elementor-tablet-align-center elementor-widget elementor-widget-button\" data-id=\"776b67d2\" data-element_type=\"widget\" data-widget_type=\"button.default\">\n\t\t\t\t<div class=\"elementor-widget-container\">\n\t\t\t\t\t\t\t\t\t<div class=\"elementor-button-wrapper\">\n\t\t\t\t\t<a class=\"elementor-button elementor-button-link elementor-size-sm\" href=\"https:\/\/abogadoray.com\/es\/contactenos\/\">\n\t\t\t\t\t\t<span class=\"elementor-button-content-wrapper\">\n\t\t\t\t\t\t\t\t\t<span class=\"elementor-button-text\">CONCERTAR CITA<\/span>\n\t\t\t\t\t<\/span>\n\t\t\t\t\t<\/a>\n\t\t\t\t<\/div>\n\t\t\t\t\t\t\t\t<\/div>\n\t\t\t\t<\/div>\n\t\t\t\t\t<\/div>\n\t\t<\/div>\n\t\t\t\t\t<\/div>\n\t\t<\/section>\n\t\t\t\t<\/div>","protected":false},"excerpt":{"rendered":"<p>CARINA GUILLEN Paralegal s\u00e9nior de inmigraci\u00f3n, Ybarra Maldonado &amp; Associates Mail-bulk La Sra. Carina V. Guill\u00e9n naci\u00f3 en M\u00e9xico y creci\u00f3 en Phoenix, Arizona. Se involucr\u00f3 en el movimiento de inmigraci\u00f3n despu\u00e9s de la aprobaci\u00f3n de la Proposici\u00f3n 300, dise\u00f1ada para evitar que los estudiantes indocumentados, que son residentes de Arizona, alcancen el sue\u00f1o de la educaci\u00f3n superior, [\u2026]<\/p>","protected":false},"author":5,"featured_media":0,"parent":3302,"menu_order":0,"comment_status":"closed","ping_status":"closed","template":"","meta":{"footnotes":"","_links_to":"","_links_to_target":""},"tags":[],"class_list":["post-3409","page","type-page","status-publish","hentry"],"yoast_head":"<!-- This site is optimized with the Yoast SEO plugin v26.2 - https:\/\/yoast.com\/wordpress\/plugins\/seo\/ -->\n<title>Espanol Carina Guillen<\/title>\n<meta name=\"description\" content=\"CARINA GUILLEN Senior Immigration Paralegal, Ybarra Maldonado &amp; Associates Mail-bulk Ms. Carina V. Guillen was born in Mexico and grew up in Phoenix,\" \/>\n<meta name=\"robots\" content=\"noindex, nofollow\" \/>\n<meta property=\"og:locale\" content=\"es_MX\" \/>\n<meta property=\"og:type\" content=\"article\" \/>\n<meta property=\"og:title\" content=\"Espanol Carina Guillen\" \/>\n<meta property=\"og:description\" content=\"CARINA GUILLEN Senior Immigration Paralegal, Ybarra Maldonado &amp; Associates Mail-bulk Ms. Carina V. Guillen was born in Mexico and grew up in Phoenix,\" \/>\n<meta property=\"og:url\" content=\"https:\/\/abogadoray.com\/es\/nuestro-equipo\/espanol-carina-guillen\/\" \/>\n<meta property=\"og:site_name\" content=\"Ybarra Maldonado Law Group | Phoenix Law Firm\" \/>\n<meta property=\"article:publisher\" content=\"https:\/\/www.facebook.com\/abogadoray\/\" \/>\n<meta property=\"article:modified_time\" content=\"2025-11-11T19:48:58+00:00\" \/>\n<meta property=\"og:image\" content=\"https:\/\/abogadoray.com\/wp-content\/uploads\/2020\/05\/carina-guillen-headshot.jpg\" \/>\n<meta name=\"twitter:card\" content=\"summary_large_image\" \/>\n<meta name=\"twitter:site\" content=\"@abogadoray\" \/>\n<meta name=\"twitter:label1\" content=\"Tiempo de lectura\" \/>\n\t<meta name=\"twitter:data1\" content=\"3 minutos\" \/>\n<script type=\"application\/ld+json\" class=\"yoast-schema-graph\">{\"@context\":\"https:\/\/schema.org\",\"@graph\":[{\"@type\":\"WebPage\",\"@id\":\"https:\/\/abogadoray.com\/our-team\/espanol-carina-guillen\/\",\"url\":\"https:\/\/abogadoray.com\/our-team\/espanol-carina-guillen\/\",\"name\":\"Espanol Carina Guillen\",\"isPartOf\":{\"@id\":\"https:\/\/abogadoray.com\/#website\"},\"primaryImageOfPage\":{\"@id\":\"https:\/\/abogadoray.com\/our-team\/espanol-carina-guillen\/#primaryimage\"},\"image\":{\"@id\":\"https:\/\/abogadoray.com\/our-team\/espanol-carina-guillen\/#primaryimage\"},\"thumbnailUrl\":\"https:\/\/abogadoray.com\/wp-content\/uploads\/2020\/05\/carina-guillen-headshot.jpg\",\"datePublished\":\"2020-06-01T20:12:00+00:00\",\"dateModified\":\"2025-11-11T19:48:58+00:00\",\"description\":\"CARINA GUILLEN Senior Immigration Paralegal, Ybarra Maldonado &amp; Associates Mail-bulk Ms. Carina V. Guillen was born in Mexico and grew up in Phoenix,\",\"breadcrumb\":{\"@id\":\"https:\/\/abogadoray.com\/our-team\/espanol-carina-guillen\/#breadcrumb\"},\"inLanguage\":\"es\",\"potentialAction\":[{\"@type\":\"ReadAction\",\"target\":[\"https:\/\/abogadoray.com\/our-team\/espanol-carina-guillen\/\"]}]},{\"@type\":\"ImageObject\",\"inLanguage\":\"es\",\"@id\":\"https:\/\/abogadoray.com\/our-team\/espanol-carina-guillen\/#primaryimage\",\"url\":\"https:\/\/abogadoray.com\/wp-content\/uploads\/2020\/05\/carina-guillen-headshot.jpg\",\"contentUrl\":\"https:\/\/abogadoray.com\/wp-content\/uploads\/2020\/05\/carina-guillen-headshot.jpg\"},{\"@type\":\"BreadcrumbList\",\"@id\":\"https:\/\/abogadoray.com\/our-team\/espanol-carina-guillen\/#breadcrumb\",\"itemListElement\":[{\"@type\":\"ListItem\",\"position\":1,\"name\":\"Home\",\"item\":\"https:\/\/abogadoray.com\/\"},{\"@type\":\"ListItem\",\"position\":2,\"name\":\"Our Team\",\"item\":\"https:\/\/abogadoray.com\/our-team\/\"},{\"@type\":\"ListItem\",\"position\":3,\"name\":\"Espanol Carina Guillen\"}]},{\"@type\":\"WebSite\",\"@id\":\"https:\/\/abogadoray.com\/#website\",\"url\":\"https:\/\/abogadoray.com\/\",\"name\":\"Ybarra Maldonado Law Group | Phoenix Law Firm\",\"description\":\"Reuniting Families, Keeping Them Together\",\"publisher\":{\"@id\":\"https:\/\/abogadoray.com\/#organization\"},\"potentialAction\":[{\"@type\":\"SearchAction\",\"target\":{\"@type\":\"EntryPoint\",\"urlTemplate\":\"https:\/\/abogadoray.com\/?s={search_term_string}\"},\"query-input\":{\"@type\":\"PropertyValueSpecification\",\"valueRequired\":true,\"valueName\":\"search_term_string\"}}],\"inLanguage\":\"es\"},{\"@type\":\"Organization\",\"@id\":\"https:\/\/abogadoray.com\/#organization\",\"name\":\"Ybarra Maldonado Law Group\",\"url\":\"https:\/\/abogadoray.com\/\",\"logo\":{\"@type\":\"ImageObject\",\"inLanguage\":\"es\",\"@id\":\"https:\/\/abogadoray.com\/#\/schema\/logo\/image\/\",\"url\":\"https:\/\/abogadoray.com\/wp-content\/uploads\/2017\/12\/abogados-de-migracion-ray-logo-copy.png\",\"contentUrl\":\"https:\/\/abogadoray.com\/wp-content\/uploads\/2017\/12\/abogados-de-migracion-ray-logo-copy.png\",\"width\":360,\"height\":202,\"caption\":\"Ybarra Maldonado Law Group\"},\"image\":{\"@id\":\"https:\/\/abogadoray.com\/#\/schema\/logo\/image\/\"},\"sameAs\":[\"https:\/\/www.facebook.com\/abogadoray\/\",\"https:\/\/x.com\/abogadoray\",\"https:\/\/abogadoray\",\"https:\/\/www.linkedin.com\/in\/ray-ybarra-maldonado-6b1b3044\/\",\"https:\/\/www.youtube.com\/channel\/UC0_lzX6okOXa3YHvq3jIM_A\"]}]}<\/script>\n<!-- \/ Yoast SEO plugin. -->","yoast_head_json":{"title":"Espa\u00f1ol Carina Guill\u00e9n","description":"CARINA GUILLEN Asistente legal de inmigraci\u00f3n senior, Ybarra Maldonado &amp; Associates Correo masivo La Sra. Carina V. Guill\u00e9n naci\u00f3 en M\u00e9xico y creci\u00f3 en Phoenix,","robots":{"index":"noindex","follow":"nofollow"},"og_locale":"es_MX","og_type":"article","og_title":"Espanol Carina Guillen","og_description":"CARINA GUILLEN Senior Immigration Paralegal, Ybarra Maldonado &amp; Associates Mail-bulk Ms. Carina V. Guillen was born in Mexico and grew up in Phoenix,","og_url":"https:\/\/abogadoray.com\/es\/nuestro-equipo\/espanol-carina-guillen\/","og_site_name":"Ybarra Maldonado Law Group | Phoenix Law Firm","article_publisher":"https:\/\/www.facebook.com\/abogadoray\/","article_modified_time":"2025-11-11T19:48:58+00:00","og_image":[{"url":"https:\/\/abogadoray.com\/wp-content\/uploads\/2020\/05\/carina-guillen-headshot.jpg","type":"","width":"","height":""}],"twitter_card":"summary_large_image","twitter_site":"@abogadoray","twitter_misc":{"Tiempo de lectura":"3 minutos"},"schema":{"@context":"https:\/\/schema.org","@graph":[{"@type":"WebPage","@id":"https:\/\/abogadoray.com\/our-team\/espanol-carina-guillen\/","url":"https:\/\/abogadoray.com\/our-team\/espanol-carina-guillen\/","name":"Espa\u00f1ol Carina Guill\u00e9n","isPartOf":{"@id":"https:\/\/abogadoray.com\/#website"},"primaryImageOfPage":{"@id":"https:\/\/abogadoray.com\/our-team\/espanol-carina-guillen\/#primaryimage"},"image":{"@id":"https:\/\/abogadoray.com\/our-team\/espanol-carina-guillen\/#primaryimage"},"thumbnailUrl":"https:\/\/abogadoray.com\/wp-content\/uploads\/2020\/05\/carina-guillen-headshot.jpg","datePublished":"2020-06-01T20:12:00+00:00","dateModified":"2025-11-11T19:48:58+00:00","description":"CARINA GUILLEN Asistente legal de inmigraci\u00f3n senior, Ybarra Maldonado &amp; Associates Correo masivo La Sra. Carina V. Guill\u00e9n naci\u00f3 en M\u00e9xico y creci\u00f3 en Phoenix,","breadcrumb":{"@id":"https:\/\/abogadoray.com\/our-team\/espanol-carina-guillen\/#breadcrumb"},"inLanguage":"es","potentialAction":[{"@type":"ReadAction","target":["https:\/\/abogadoray.com\/our-team\/espanol-carina-guillen\/"]}]},{"@type":"ImageObject","inLanguage":"es","@id":"https:\/\/abogadoray.com\/our-team\/espanol-carina-guillen\/#primaryimage","url":"https:\/\/abogadoray.com\/wp-content\/uploads\/2020\/05\/carina-guillen-headshot.jpg","contentUrl":"https:\/\/abogadoray.com\/wp-content\/uploads\/2020\/05\/carina-guillen-headshot.jpg"},{"@type":"BreadcrumbList","@id":"https:\/\/abogadoray.com\/our-team\/espanol-carina-guillen\/#breadcrumb","itemListElement":[{"@type":"ListItem","position":1,"name":"Home","item":"https:\/\/abogadoray.com\/"},{"@type":"ListItem","position":2,"name":"Our Team","item":"https:\/\/abogadoray.com\/our-team\/"},{"@type":"ListItem","position":3,"name":"Espanol Carina Guillen"}]},{"@type":"WebSite","@id":"https:\/\/abogadoray.com\/#website","url":"https:\/\/abogadoray.com\/","name":"Ybarra Maldonado Law Group | Bufete de abogados de Phoenix","description":"Reuniendo familias, manteni\u00e9ndolas juntas","publisher":{"@id":"https:\/\/abogadoray.com\/#organization"},"potentialAction":[{"@type":"SearchAction","target":{"@type":"EntryPoint","urlTemplate":"https:\/\/abogadoray.com\/?s={search_term_string}"},"query-input":{"@type":"PropertyValueSpecification","valueRequired":true,"valueName":"search_term_string"}}],"inLanguage":"es"},{"@type":"Organization","@id":"https:\/\/abogadoray.com\/#organization","name":"Ybarra Maldonado Law Group,","url":"https:\/\/abogadoray.com\/","logo":{"@type":"ImageObject","inLanguage":"es","@id":"https:\/\/abogadoray.com\/#\/schema\/logo\/image\/","url":"https:\/\/abogadoray.com\/wp-content\/uploads\/2017\/12\/abogados-de-migracion-ray-logo-copy.png","contentUrl":"https:\/\/abogadoray.com\/wp-content\/uploads\/2017\/12\/abogados-de-migracion-ray-logo-copy.png","width":360,"height":202,"caption":"Ybarra Maldonado Law Group"},"image":{"@id":"https:\/\/abogadoray.com\/#\/schema\/logo\/image\/"},"sameAs":["https:\/\/www.facebook.com\/abogadoray\/","https:\/\/x.com\/abogadoray","https:\/\/abogadoray","https:\/\/www.linkedin.com\/in\/ray-ybarra-maldonado-6b1b3044\/","https:\/\/www.youtube.com\/channel\/UC0_lzX6okOXa3YHvq3jIM_A"]}]}},"_links":{"self":[{"href":"https:\/\/abogadoray.com\/es\/wp-json\/wp\/v2\/pages\/3409","targetHints":{"allow":["GET"]}}],"collection":[{"href":"https:\/\/abogadoray.com\/es\/wp-json\/wp\/v2\/pages"}],"about":[{"href":"https:\/\/abogadoray.com\/es\/wp-json\/wp\/v2\/types\/page"}],"author":[{"embeddable":true,"href":"https:\/\/abogadoray.com\/es\/wp-json\/wp\/v2\/users\/5"}],"replies":[{"embeddable":true,"href":"https:\/\/abogadoray.com\/es\/wp-json\/wp\/v2\/comments?post=3409"}],"version-history":[{"count":0,"href":"https:\/\/abogadoray.com\/es\/wp-json\/wp\/v2\/pages\/3409\/revisions"}],"up":[{"embeddable":true,"href":"https:\/\/abogadoray.com\/es\/wp-json\/wp\/v2\/pages\/3302"}],"wp:attachment":[{"href":"https:\/\/abogadoray.com\/es\/wp-json\/wp\/v2\/media?parent=3409"}],"wp:term":[{"taxonomy":"post_tag","embeddable":true,"href":"https:\/\/abogadoray.com\/es\/wp-json\/wp\/v2\/tags?post=3409"}],"curies":[{"name":"gracias","href":"https:\/\/api.w.org\/{rel}","templated":true}]}}