{"id":4312,"date":"2021-11-16T10:29:27","date_gmt":"2021-11-16T17:29:27","guid":{"rendered":"https:\/\/abogadoray.com\/?page_id=4312"},"modified":"2026-04-08T12:16:22","modified_gmt":"2026-04-08T19:16:22","slug":"alba-lopez-rivas","status":"publish","type":"page","link":"https:\/\/abogadoray.com\/es\/nuestro-equipo\/alba-lopez-rivas\/","title":{"rendered":"Alba Lopez Rivas"},"content":{"rendered":"<div data-elementor-type=\"wp-page\" data-elementor-id=\"4312\" class=\"elementor elementor-4312\" data-elementor-post-type=\"page\">\n\t\t\t\t\t\t<section class=\"elementor-section elementor-top-section elementor-element elementor-element-71721ed elementor-section-boxed elementor-section-height-default elementor-section-height-default\" data-id=\"71721ed\" data-element_type=\"section\" data-settings=\"{&quot;background_background&quot;:&quot;classic&quot;}\">\n\t\t\t\t\t\t\t<div class=\"elementor-background-overlay\"><\/div>\n\t\t\t\t\t\t\t<div class=\"elementor-container elementor-column-gap-default\">\n\t\t\t\t\t<div class=\"elementor-column elementor-col-100 elementor-top-column elementor-element elementor-element-74b2b47\" data-id=\"74b2b47\" data-element_type=\"column\">\n\t\t\t<div class=\"elementor-widget-wrap elementor-element-populated\">\n\t\t\t\t\t\t<div class=\"elementor-element elementor-element-769b88e elementor-widget elementor-widget-heading\" data-id=\"769b88e\" data-element_type=\"widget\" data-widget_type=\"heading.default\">\n\t\t\t\t<div class=\"elementor-widget-container\">\n\t\t\t\t\t<h1 class=\"elementor-heading-title elementor-size-default\">Alba Lopez Rivas<\/h1>\t\t\t\t<\/div>\n\t\t\t\t<\/div>\n\t\t\t\t<div class=\"elementor-element elementor-element-354a266 elementor-widget elementor-widget-text-editor\" data-id=\"354a266\" data-element_type=\"widget\" data-widget_type=\"text-editor.default\">\n\t\t\t\t<div class=\"elementor-widget-container\">\n\t\t\t\t\t\t\t\t\t<p>Paralegal criminal senior<\/p>\t\t\t\t\t\t\t\t<\/div>\n\t\t\t\t<\/div>\n\t\t\t\t\t<\/div>\n\t\t<\/div>\n\t\t\t\t\t<\/div>\n\t\t<\/section>\n\t\t\t\t<section class=\"elementor-section elementor-top-section elementor-element elementor-element-88330c6 elementor-section-boxed elementor-section-height-default elementor-section-height-default\" data-id=\"88330c6\" data-element_type=\"section\">\n\t\t\t\t\t\t<div class=\"elementor-container elementor-column-gap-default\">\n\t\t\t\t\t<div class=\"elementor-column elementor-col-100 elementor-top-column elementor-element elementor-element-6b4376d\" data-id=\"6b4376d\" data-element_type=\"column\">\n\t\t\t<div class=\"elementor-widget-wrap elementor-element-populated\">\n\t\t\t\t\t\t<div class=\"elementor-element elementor-element-d80a6c7 elementor-widget elementor-widget-breadcrumbs\" data-id=\"d80a6c7\" data-element_type=\"widget\" data-widget_type=\"breadcrumbs.default\">\n\t\t\t\t<div class=\"elementor-widget-container\">\n\t\t\t\t\t<p id=\"breadcrumbs\"><span><span><a href=\"https:\/\/abogadoray.com\/es\/\">Hogar<\/a><\/span><\/span><\/p>\t\t\t\t<\/div>\n\t\t\t\t<\/div>\n\t\t\t\t\t<\/div>\n\t\t<\/div>\n\t\t\t\t\t<\/div>\n\t\t<\/section>\n\t\t\t\t<section class=\"elementor-section elementor-top-section elementor-element elementor-element-65c2847 elementor-section-boxed elementor-section-height-default elementor-section-height-default\" data-id=\"65c2847\" data-element_type=\"section\">\n\t\t\t\t\t\t<div class=\"elementor-container elementor-column-gap-default\">\n\t\t\t\t\t<div class=\"elementor-column elementor-col-50 elementor-top-column elementor-element elementor-element-10371fe\" data-id=\"10371fe\" data-element_type=\"column\">\n\t\t\t<div class=\"elementor-widget-wrap elementor-element-populated\">\n\t\t\t\t\t\t<div class=\"elementor-element elementor-element-4f79747 elementor-widget elementor-widget-image\" data-id=\"4f79747\" data-element_type=\"widget\" data-widget_type=\"image.default\">\n\t\t\t\t<div class=\"elementor-widget-container\">\n\t\t\t\t\t\t\t\t\t\t\t\t\t\t\t<img fetchpriority=\"high\" decoding=\"async\" width=\"384\" height=\"500\" src=\"https:\/\/abogadoray.com\/wp-content\/uploads\/2020\/05\/Alba-Lopez-Rivas-headshot-1.jpg\" class=\"attachment-large size-large wp-image-3306\" alt=\"Alba Lopez Rivas-disparo en la cabeza\" srcset=\"https:\/\/abogadoray.com\/wp-content\/uploads\/2020\/05\/Alba-Lopez-Rivas-headshot-1.jpg 384w, https:\/\/abogadoray.com\/wp-content\/uploads\/2020\/05\/Alba-Lopez-Rivas-headshot-1-230x300.jpg 230w\" sizes=\"(max-width: 384px) 100vw, 384px\" \/>\t\t\t\t\t\t\t\t\t\t\t\t\t\t\t<\/div>\n\t\t\t\t<\/div>\n\t\t\t\t\t<\/div>\n\t\t<\/div>\n\t\t\t\t<div class=\"elementor-column elementor-col-50 elementor-top-column elementor-element elementor-element-cc94f2d\" data-id=\"cc94f2d\" data-element_type=\"column\">\n\t\t\t<div class=\"elementor-widget-wrap elementor-element-populated\">\n\t\t\t\t\t\t<div class=\"elementor-element elementor-element-b2ccfb3 elementor-drop-cap-yes elementor-drop-cap-view-stacked elementor-widget elementor-widget-text-editor\" data-id=\"b2ccfb3\" data-element_type=\"widget\" data-settings=\"{&quot;drop_cap&quot;:&quot;yes&quot;}\" data-widget_type=\"text-editor.default\">\n\t\t\t\t<div class=\"elementor-widget-container\">\n\t\t\t\t\t\t\t\t\t<p>Alba L\u00f3pez Rivas naci\u00f3 y se cri\u00f3 en la Ciudad de Guatemala, Guatemala. Su educaci\u00f3n primaria y secundaria la complet\u00f3 en Guatemala. Desde muy peque\u00f1a conoci\u00f3 el ingl\u00e9s como segundo idioma y desarroll\u00f3 una pasi\u00f3n por el aprendizaje de este y otros idiomas. En su adolescencia, tuvo la oportunidad de convertirse en estudiante de intercambio extranjero y complet\u00f3 el \u00faltimo a\u00f1o de la escuela secundaria en los EE. UU. Luego de su regreso a su pa\u00eds de origen, trabaj\u00f3 durante muchos a\u00f1os como asistente administrativa para importantes corporaciones en Guatemala. Su amor por los idiomas, y en particular por el idioma ingl\u00e9s, la motiv\u00f3 a estudiar traducci\u00f3n e interpretaci\u00f3n y se convirti\u00f3 en traductora e int\u00e9rprete certificada de ingl\u00e9s y espa\u00f1ol.<\/p><p>Motivada por su deseo de trabajar en un campo que se enfocar\u00eda m\u00e1s en ayudar a aquellos en una posici\u00f3n desfavorecida, Alba solicit\u00f3 un trabajo en el Programa de las Naciones Unidas para el Desarrollo (PNUD). Durante los a\u00f1os siguientes, tuvo la oportunidad de trabajar para otras agencias de Naciones Unidas, entre ellas UNICEF y el Word Food Programme (PMA).<\/p><p>Alba experiment\u00f3 un gran cambio cuando ella y su esposo se mudaron a Arizona junto con su peque\u00f1a hija. Esto trajo nuevamente otro cambio en su ocupaci\u00f3n cuando comenz\u00f3 a trabajar para Antonio Bustamante, un abogado de derecho penal. Trabaj\u00f3 para el bufete de abogados del Sr. Bustamante como asistente legal durante 18 a\u00f1os y se fue cuando se cerr\u00f3 la pr\u00e1ctica privada del abogado. Entonces se le abri\u00f3 una nueva oportunidad cuando comenz\u00f3 a trabajar para Ybarra Maldonado Law Group en 2019 como asistente legal en el departamento penal.<\/p><p>Trabajar en el \u00e1mbito legal, y especialmente para abogados cuya misi\u00f3n es ayudar a las minor\u00edas, se ha convertido en la verdadera pasi\u00f3n de Alba. Ha descubierto que a trav\u00e9s de su trabajo puede contribuir a hacer justicia a quienes son discriminados por la sociedad por su raza, color de piel o antecedentes culturales.<\/p>\t\t\t\t\t\t\t\t<\/div>\n\t\t\t\t<\/div>\n\t\t\t\t\t<\/div>\n\t\t<\/div>\n\t\t\t\t\t<\/div>\n\t\t<\/section>\n\t\t\t\t<section class=\"elementor-section elementor-top-section elementor-element elementor-element-00196af elementor-section-boxed elementor-section-height-default elementor-section-height-default\" data-id=\"00196af\" data-element_type=\"section\">\n\t\t\t\t\t\t<div class=\"elementor-container elementor-column-gap-default\">\n\t\t\t\t\t<div class=\"elementor-column elementor-col-33 elementor-top-column elementor-element elementor-element-42972b2\" data-id=\"42972b2\" data-element_type=\"column\">\n\t\t\t<div class=\"elementor-widget-wrap elementor-element-populated\">\n\t\t\t\t\t\t<div class=\"elementor-element elementor-element-fbfe9f7 elementor-position-top elementor-widget elementor-widget-image-box\" data-id=\"fbfe9f7\" data-element_type=\"widget\" data-widget_type=\"image-box.default\">\n\t\t\t\t<div class=\"elementor-widget-container\">\n\t\t\t\t\t<div class=\"elementor-image-box-wrapper\"><figure class=\"elementor-image-box-img\"><img decoding=\"async\" width=\"58\" height=\"66\" src=\"https:\/\/abogadoray.com\/wp-content\/uploads\/2020\/05\/Vector-Smart-Object.png\" class=\"attachment-full size-full wp-image-3323\" alt=\"abogado dedicado de Phoenix\" \/><\/figure><div class=\"elementor-image-box-content\"><h4 class=\"elementor-image-box-title\">DEDICACI\u00d3N<\/h4><p class=\"elementor-image-box-description\">Estamos dedicados a mantener un v\u00ednculo fuerte y ra\u00edces profundas en nuestras comunidades en Arizona.<\/p><\/div><\/div>\t\t\t\t<\/div>\n\t\t\t\t<\/div>\n\t\t\t\t\t<\/div>\n\t\t<\/div>\n\t\t\t\t<div class=\"elementor-column elementor-col-33 elementor-top-column elementor-element elementor-element-f3f6da9\" data-id=\"f3f6da9\" data-element_type=\"column\">\n\t\t\t<div class=\"elementor-widget-wrap elementor-element-populated\">\n\t\t\t\t\t\t<div class=\"elementor-element elementor-element-770a60f elementor-position-top elementor-widget elementor-widget-image-box\" data-id=\"770a60f\" data-element_type=\"widget\" data-widget_type=\"image-box.default\">\n\t\t\t\t<div class=\"elementor-widget-container\">\n\t\t\t\t\t<div class=\"elementor-image-box-wrapper\"><figure class=\"elementor-image-box-img\"><img decoding=\"async\" width=\"64\" height=\"64\" src=\"https:\/\/abogadoray.com\/wp-content\/uploads\/2020\/05\/Vector-Smart-Object-1.png\" class=\"attachment-full size-full wp-image-3324\" alt=\"abogado experimentado en phoenix\" \/><\/figure><div class=\"elementor-image-box-content\"><h4 class=\"elementor-image-box-title\">EXPERIENCIA<\/h4><p class=\"elementor-image-box-description\">Nuestras habilidades y experiencia colectiva nos permiten proporcionar un alto nivel de servicio galardonado.<\/p><\/div><\/div>\t\t\t\t<\/div>\n\t\t\t\t<\/div>\n\t\t\t\t\t<\/div>\n\t\t<\/div>\n\t\t\t\t<div class=\"elementor-column elementor-col-33 elementor-top-column elementor-element elementor-element-2914255\" data-id=\"2914255\" data-element_type=\"column\">\n\t\t\t<div class=\"elementor-widget-wrap elementor-element-populated\">\n\t\t\t\t\t\t<div class=\"elementor-element elementor-element-766c7a5 elementor-position-top elementor-widget elementor-widget-image-box\" data-id=\"766c7a5\" data-element_type=\"widget\" data-widget_type=\"image-box.default\">\n\t\t\t\t<div class=\"elementor-widget-container\">\n\t\t\t\t\t<div class=\"elementor-image-box-wrapper\"><figure class=\"elementor-image-box-img\"><img loading=\"lazy\" decoding=\"async\" width=\"47\" height=\"67\" src=\"https:\/\/abogadoray.com\/wp-content\/uploads\/2020\/05\/Vector-Smart-Object-2.png\" class=\"attachment-full size-full wp-image-3325\" alt=\"Abogado 24\/7 phoenix\" \/><\/figure><div class=\"elementor-image-box-content\"><h4 class=\"elementor-image-box-title\">DISPONIBILIDAD<\/h4><p class=\"elementor-image-box-description\">Nuestros abogados est\u00e1n disponibles de d\u00eda o de noche para que no tenga que esperar la ayuda y el apoyo.<\/p><\/div><\/div>\t\t\t\t<\/div>\n\t\t\t\t<\/div>\n\t\t\t\t\t<\/div>\n\t\t<\/div>\n\t\t\t\t\t<\/div>\n\t\t<\/section>\n\t\t\t\t<section class=\"elementor-section elementor-top-section elementor-element elementor-element-fae93b4 elementor-section-boxed elementor-section-height-default elementor-section-height-default\" data-id=\"fae93b4\" data-element_type=\"section\" data-settings=\"{&quot;background_background&quot;:&quot;classic&quot;}\">\n\t\t\t\t\t\t\t<div class=\"elementor-background-overlay\"><\/div>\n\t\t\t\t\t\t\t<div class=\"elementor-container elementor-column-gap-default\">\n\t\t\t\t\t<div class=\"elementor-column elementor-col-100 elementor-top-column elementor-element elementor-element-3ba745d\" data-id=\"3ba745d\" data-element_type=\"column\">\n\t\t\t<div class=\"elementor-widget-wrap elementor-element-populated\">\n\t\t\t\t\t\t<div class=\"elementor-element elementor-element-351543e elementor-widget elementor-widget-heading\" data-id=\"351543e\" data-element_type=\"widget\" data-widget_type=\"heading.default\">\n\t\t\t\t<div class=\"elementor-widget-container\">\n\t\t\t\t\t<h2 class=\"elementor-heading-title elementor-size-default\">DINOS <span class=\"red\">TU<\/span> HISTORIA.<\/h2>\t\t\t\t<\/div>\n\t\t\t\t<\/div>\n\t\t\t\t<div class=\"elementor-element elementor-element-3839e06 elementor-widget elementor-widget-text-editor\" data-id=\"3839e06\" data-element_type=\"widget\" data-widget_type=\"text-editor.default\">\n\t\t\t\t<div class=\"elementor-widget-container\">\n\t\t\t\t\t\t\t\t\t<p><a href=\"tel:6029104040\" target=\"_blank\" rel=\"noopener\">(602) 910-4040<\/a><\/p>\t\t\t\t\t\t\t\t<\/div>\n\t\t\t\t<\/div>\n\t\t\t\t\t<\/div>\n\t\t<\/div>\n\t\t\t\t\t<\/div>\n\t\t<\/section>\n\t\t\t\t<section class=\"elementor-section elementor-top-section elementor-element elementor-element-92e63bf elementor-section-boxed elementor-section-height-default elementor-section-height-default\" data-id=\"92e63bf\" data-element_type=\"section\" data-settings=\"{&quot;background_background&quot;:&quot;classic&quot;}\">\n\t\t\t\t\t\t<div class=\"elementor-container elementor-column-gap-default\">\n\t\t\t\t\t<div class=\"elementor-column elementor-col-50 elementor-top-column elementor-element elementor-element-3729f3e\" data-id=\"3729f3e\" data-element_type=\"column\">\n\t\t\t<div class=\"elementor-widget-wrap elementor-element-populated\">\n\t\t\t\t\t\t<div class=\"elementor-element elementor-element-0b6f1f5 elementor-widget elementor-widget-heading\" data-id=\"0b6f1f5\" data-element_type=\"widget\" data-widget_type=\"heading.default\">\n\t\t\t\t<div class=\"elementor-widget-container\">\n\t\t\t\t\t<h5 class=\"elementor-heading-title elementor-size-default\"><span class=\"dontWait\">NO ESPERE <\/span>DEJE QUE NUESTRA LEY FIRME LE AYUDE. <\/h5>\t\t\t\t<\/div>\n\t\t\t\t<\/div>\n\t\t\t\t\t<\/div>\n\t\t<\/div>\n\t\t\t\t<div class=\"elementor-column elementor-col-50 elementor-top-column elementor-element elementor-element-40f3baf\" data-id=\"40f3baf\" data-element_type=\"column\">\n\t\t\t<div class=\"elementor-widget-wrap elementor-element-populated\">\n\t\t\t\t\t\t<div class=\"elementor-element elementor-element-7270247 elementor-align-left elementor-tablet-align-center elementor-widget elementor-widget-button\" data-id=\"7270247\" data-element_type=\"widget\" data-widget_type=\"button.default\">\n\t\t\t\t<div class=\"elementor-widget-container\">\n\t\t\t\t\t\t\t\t\t<div class=\"elementor-button-wrapper\">\n\t\t\t\t\t<a class=\"elementor-button elementor-button-link elementor-size-sm\" href=\"https:\/\/abogadoray.com\/es\/contactenos\/\">\n\t\t\t\t\t\t<span class=\"elementor-button-content-wrapper\">\n\t\t\t\t\t\t\t\t\t<span class=\"elementor-button-text\">CONCERTAR CITA<\/span>\n\t\t\t\t\t<\/span>\n\t\t\t\t\t<\/a>\n\t\t\t\t<\/div>\n\t\t\t\t\t\t\t\t<\/div>\n\t\t\t\t<\/div>\n\t\t\t\t\t<\/div>\n\t\t<\/div>\n\t\t\t\t\t<\/div>\n\t\t<\/section>\n\t\t\t\t<\/div>","protected":false},"excerpt":{"rendered":"<p>Alba Lopez Rivas Paralegal Criminal Senior Alba Lopez Rivas naci\u00f3 y se cri\u00f3 en la Ciudad de Guatemala, Guatemala. Su educaci\u00f3n primaria y secundaria la complet\u00f3 en Guatemala. Desde muy peque\u00f1a conoci\u00f3 el ingl\u00e9s como segundo idioma y desarroll\u00f3 una pasi\u00f3n por el aprendizaje de este y otros idiomas. En su [\u2026]<\/p>","protected":false},"author":5,"featured_media":3203,"parent":3302,"menu_order":0,"comment_status":"closed","ping_status":"closed","template":"","meta":{"footnotes":"","_links_to":"","_links_to_target":""},"tags":[],"class_list":["post-4312","page","type-page","status-publish","has-post-thumbnail","hentry"],"yoast_head":"<!-- This site is optimized with the Yoast SEO plugin v26.2 - https:\/\/yoast.com\/wordpress\/plugins\/seo\/ -->\n<title>Alba Lopez Rivas | Senior Criminal Paralegal | Phoenix Criminal Law<\/title>\n<meta name=\"description\" content=\"Senior Criminal Paralegal in the Criminal Defense Department of our firm. Call 602-910-4040 for more information.\" \/>\n<meta name=\"robots\" content=\"noindex, nofollow\" \/>\n<meta property=\"og:locale\" content=\"es_MX\" \/>\n<meta property=\"og:type\" content=\"article\" \/>\n<meta property=\"og:title\" content=\"Alba Lopez Rivas | Senior Criminal Paralegal | Phoenix Criminal Law\" \/>\n<meta property=\"og:description\" content=\"Senior Criminal Paralegal in the Criminal Defense Department of our firm. Call 602-910-4040 for more information.\" \/>\n<meta property=\"og:url\" content=\"https:\/\/abogadoray.com\/es\/nuestro-equipo\/alba-lopez-rivas\/\" \/>\n<meta property=\"og:site_name\" content=\"Ybarra Maldonado Law Group | Phoenix Law Firm\" \/>\n<meta property=\"article:publisher\" content=\"https:\/\/www.facebook.com\/abogadoray\/\" \/>\n<meta property=\"article:modified_time\" content=\"2026-04-08T19:16:22+00:00\" \/>\n<meta property=\"og:image\" content=\"https:\/\/abogadoray.com\/wp-content\/uploads\/2020\/05\/Alba-Lopez-Rivas-headshot.jpg\" \/>\n\t<meta property=\"og:image:width\" content=\"384\" \/>\n\t<meta property=\"og:image:height\" content=\"500\" \/>\n\t<meta property=\"og:image:type\" content=\"image\/jpeg\" \/>\n<meta name=\"twitter:card\" content=\"summary_large_image\" \/>\n<meta name=\"twitter:site\" content=\"@abogadoray\" \/>\n<meta name=\"twitter:label1\" content=\"Tiempo de lectura\" \/>\n\t<meta name=\"twitter:data1\" content=\"3 minutos\" \/>\n<script type=\"application\/ld+json\" class=\"yoast-schema-graph\">{\"@context\":\"https:\/\/schema.org\",\"@graph\":[{\"@type\":\"WebPage\",\"@id\":\"https:\/\/abogadoray.com\/our-team\/alba-lopez-rivas\/\",\"url\":\"https:\/\/abogadoray.com\/our-team\/alba-lopez-rivas\/\",\"name\":\"Alba Lopez Rivas | Senior Criminal Paralegal | Phoenix Criminal Law\",\"isPartOf\":{\"@id\":\"https:\/\/abogadoray.com\/#website\"},\"primaryImageOfPage\":{\"@id\":\"https:\/\/abogadoray.com\/our-team\/alba-lopez-rivas\/#primaryimage\"},\"image\":{\"@id\":\"https:\/\/abogadoray.com\/our-team\/alba-lopez-rivas\/#primaryimage\"},\"thumbnailUrl\":\"https:\/\/abogadoray.com\/wp-content\/uploads\/2020\/05\/Alba-Lopez-Rivas-headshot.jpg\",\"datePublished\":\"2021-11-16T17:29:27+00:00\",\"dateModified\":\"2026-04-08T19:16:22+00:00\",\"description\":\"Senior Criminal Paralegal in the Criminal Defense Department of our firm. Call 602-910-4040 for more information.\",\"breadcrumb\":{\"@id\":\"https:\/\/abogadoray.com\/our-team\/alba-lopez-rivas\/#breadcrumb\"},\"inLanguage\":\"es\",\"potentialAction\":[{\"@type\":\"ReadAction\",\"target\":[\"https:\/\/abogadoray.com\/our-team\/alba-lopez-rivas\/\"]}]},{\"@type\":\"ImageObject\",\"inLanguage\":\"es\",\"@id\":\"https:\/\/abogadoray.com\/our-team\/alba-lopez-rivas\/#primaryimage\",\"url\":\"https:\/\/abogadoray.com\/wp-content\/uploads\/2020\/05\/Alba-Lopez-Rivas-headshot.jpg\",\"contentUrl\":\"https:\/\/abogadoray.com\/wp-content\/uploads\/2020\/05\/Alba-Lopez-Rivas-headshot.jpg\",\"width\":384,\"height\":500,\"caption\":\"Alba Lopez Rivas-headshot\"},{\"@type\":\"BreadcrumbList\",\"@id\":\"https:\/\/abogadoray.com\/our-team\/alba-lopez-rivas\/#breadcrumb\",\"itemListElement\":[{\"@type\":\"ListItem\",\"position\":1,\"name\":\"Home\",\"item\":\"https:\/\/abogadoray.com\/\"},{\"@type\":\"ListItem\",\"position\":2,\"name\":\"Our Team\",\"item\":\"https:\/\/abogadoray.com\/our-team\/\"},{\"@type\":\"ListItem\",\"position\":3,\"name\":\"Alba Lopez Rivas\"}]},{\"@type\":\"WebSite\",\"@id\":\"https:\/\/abogadoray.com\/#website\",\"url\":\"https:\/\/abogadoray.com\/\",\"name\":\"Ybarra Maldonado Law Group | Phoenix Law Firm\",\"description\":\"Reuniting Families, Keeping Them Together\",\"publisher\":{\"@id\":\"https:\/\/abogadoray.com\/#organization\"},\"potentialAction\":[{\"@type\":\"SearchAction\",\"target\":{\"@type\":\"EntryPoint\",\"urlTemplate\":\"https:\/\/abogadoray.com\/?s={search_term_string}\"},\"query-input\":{\"@type\":\"PropertyValueSpecification\",\"valueRequired\":true,\"valueName\":\"search_term_string\"}}],\"inLanguage\":\"es\"},{\"@type\":\"Organization\",\"@id\":\"https:\/\/abogadoray.com\/#organization\",\"name\":\"Ybarra Maldonado Law Group\",\"url\":\"https:\/\/abogadoray.com\/\",\"logo\":{\"@type\":\"ImageObject\",\"inLanguage\":\"es\",\"@id\":\"https:\/\/abogadoray.com\/#\/schema\/logo\/image\/\",\"url\":\"https:\/\/abogadoray.com\/wp-content\/uploads\/2017\/12\/abogados-de-migracion-ray-logo-copy.png\",\"contentUrl\":\"https:\/\/abogadoray.com\/wp-content\/uploads\/2017\/12\/abogados-de-migracion-ray-logo-copy.png\",\"width\":360,\"height\":202,\"caption\":\"Ybarra Maldonado Law Group\"},\"image\":{\"@id\":\"https:\/\/abogadoray.com\/#\/schema\/logo\/image\/\"},\"sameAs\":[\"https:\/\/www.facebook.com\/abogadoray\/\",\"https:\/\/x.com\/abogadoray\",\"https:\/\/abogadoray\",\"https:\/\/www.linkedin.com\/in\/ray-ybarra-maldonado-6b1b3044\/\",\"https:\/\/www.youtube.com\/channel\/UC0_lzX6okOXa3YHvq3jIM_A\"]}]}<\/script>\n<!-- \/ Yoast SEO plugin. -->","yoast_head_json":{"title":"Alba L\u00f3pez Rivas | Asistente legal penal senior | Derecho penal de Phoenix","description":"Paralegal Criminal Senior en el Departamento de Defensa Criminal de nuestra firma. Llame al 602-910-4040 para m\u00e1s informaci\u00f3n.","robots":{"index":"noindex","follow":"nofollow"},"og_locale":"es_MX","og_type":"article","og_title":"Alba Lopez Rivas | Senior Criminal Paralegal | Phoenix Criminal Law","og_description":"Senior Criminal Paralegal in the Criminal Defense Department of our firm. Call 602-910-4040 for more information.","og_url":"https:\/\/abogadoray.com\/es\/nuestro-equipo\/alba-lopez-rivas\/","og_site_name":"Ybarra Maldonado Law Group | Phoenix Law Firm","article_publisher":"https:\/\/www.facebook.com\/abogadoray\/","article_modified_time":"2026-04-08T19:16:22+00:00","og_image":[{"width":384,"height":500,"url":"https:\/\/abogadoray.com\/wp-content\/uploads\/2020\/05\/Alba-Lopez-Rivas-headshot.jpg","type":"image\/jpeg"}],"twitter_card":"summary_large_image","twitter_site":"@abogadoray","twitter_misc":{"Tiempo de lectura":"3 minutos"},"schema":{"@context":"https:\/\/schema.org","@graph":[{"@type":"WebPage","@id":"https:\/\/abogadoray.com\/our-team\/alba-lopez-rivas\/","url":"https:\/\/abogadoray.com\/our-team\/alba-lopez-rivas\/","name":"Alba L\u00f3pez Rivas | Asistente legal penal senior | Derecho penal de Phoenix","isPartOf":{"@id":"https:\/\/abogadoray.com\/#website"},"primaryImageOfPage":{"@id":"https:\/\/abogadoray.com\/our-team\/alba-lopez-rivas\/#primaryimage"},"image":{"@id":"https:\/\/abogadoray.com\/our-team\/alba-lopez-rivas\/#primaryimage"},"thumbnailUrl":"https:\/\/abogadoray.com\/wp-content\/uploads\/2020\/05\/Alba-Lopez-Rivas-headshot.jpg","datePublished":"2021-11-16T17:29:27+00:00","dateModified":"2026-04-08T19:16:22+00:00","description":"Paralegal Criminal Senior en el Departamento de Defensa Criminal de nuestra firma. Llame al 602-910-4040 para m\u00e1s informaci\u00f3n.","breadcrumb":{"@id":"https:\/\/abogadoray.com\/our-team\/alba-lopez-rivas\/#breadcrumb"},"inLanguage":"es","potentialAction":[{"@type":"ReadAction","target":["https:\/\/abogadoray.com\/our-team\/alba-lopez-rivas\/"]}]},{"@type":"ImageObject","inLanguage":"es","@id":"https:\/\/abogadoray.com\/our-team\/alba-lopez-rivas\/#primaryimage","url":"https:\/\/abogadoray.com\/wp-content\/uploads\/2020\/05\/Alba-Lopez-Rivas-headshot.jpg","contentUrl":"https:\/\/abogadoray.com\/wp-content\/uploads\/2020\/05\/Alba-Lopez-Rivas-headshot.jpg","width":384,"height":500,"caption":"Alba Lopez Rivas-headshot"},{"@type":"BreadcrumbList","@id":"https:\/\/abogadoray.com\/our-team\/alba-lopez-rivas\/#breadcrumb","itemListElement":[{"@type":"ListItem","position":1,"name":"Home","item":"https:\/\/abogadoray.com\/"},{"@type":"ListItem","position":2,"name":"Our Team","item":"https:\/\/abogadoray.com\/our-team\/"},{"@type":"ListItem","position":3,"name":"Alba Lopez Rivas"}]},{"@type":"WebSite","@id":"https:\/\/abogadoray.com\/#website","url":"https:\/\/abogadoray.com\/","name":"Ybarra Maldonado Law Group | Bufete de abogados de Phoenix","description":"Reuniendo familias, manteni\u00e9ndolas juntas","publisher":{"@id":"https:\/\/abogadoray.com\/#organization"},"potentialAction":[{"@type":"SearchAction","target":{"@type":"EntryPoint","urlTemplate":"https:\/\/abogadoray.com\/?s={search_term_string}"},"query-input":{"@type":"PropertyValueSpecification","valueRequired":true,"valueName":"search_term_string"}}],"inLanguage":"es"},{"@type":"Organization","@id":"https:\/\/abogadoray.com\/#organization","name":"Ybarra Maldonado Law Group,","url":"https:\/\/abogadoray.com\/","logo":{"@type":"ImageObject","inLanguage":"es","@id":"https:\/\/abogadoray.com\/#\/schema\/logo\/image\/","url":"https:\/\/abogadoray.com\/wp-content\/uploads\/2017\/12\/abogados-de-migracion-ray-logo-copy.png","contentUrl":"https:\/\/abogadoray.com\/wp-content\/uploads\/2017\/12\/abogados-de-migracion-ray-logo-copy.png","width":360,"height":202,"caption":"Ybarra Maldonado Law Group"},"image":{"@id":"https:\/\/abogadoray.com\/#\/schema\/logo\/image\/"},"sameAs":["https:\/\/www.facebook.com\/abogadoray\/","https:\/\/x.com\/abogadoray","https:\/\/abogadoray","https:\/\/www.linkedin.com\/in\/ray-ybarra-maldonado-6b1b3044\/","https:\/\/www.youtube.com\/channel\/UC0_lzX6okOXa3YHvq3jIM_A"]}]}},"_links":{"self":[{"href":"https:\/\/abogadoray.com\/es\/wp-json\/wp\/v2\/pages\/4312","targetHints":{"allow":["GET"]}}],"collection":[{"href":"https:\/\/abogadoray.com\/es\/wp-json\/wp\/v2\/pages"}],"about":[{"href":"https:\/\/abogadoray.com\/es\/wp-json\/wp\/v2\/types\/page"}],"author":[{"embeddable":true,"href":"https:\/\/abogadoray.com\/es\/wp-json\/wp\/v2\/users\/5"}],"replies":[{"embeddable":true,"href":"https:\/\/abogadoray.com\/es\/wp-json\/wp\/v2\/comments?post=4312"}],"version-history":[{"count":0,"href":"https:\/\/abogadoray.com\/es\/wp-json\/wp\/v2\/pages\/4312\/revisions"}],"up":[{"embeddable":true,"href":"https:\/\/abogadoray.com\/es\/wp-json\/wp\/v2\/pages\/3302"}],"wp:featuredmedia":[{"embeddable":true,"href":"https:\/\/abogadoray.com\/es\/wp-json\/wp\/v2\/media\/3203"}],"wp:attachment":[{"href":"https:\/\/abogadoray.com\/es\/wp-json\/wp\/v2\/media?parent=4312"}],"wp:term":[{"taxonomy":"post_tag","embeddable":true,"href":"https:\/\/abogadoray.com\/es\/wp-json\/wp\/v2\/tags?post=4312"}],"curies":[{"name":"gracias","href":"https:\/\/api.w.org\/{rel}","templated":true}]}}