{"id":7151,"date":"2026-03-03T07:02:06","date_gmt":"2026-03-03T14:02:06","guid":{"rendered":"https:\/\/abogadoray.com\/?page_id=7151"},"modified":"2026-03-03T08:52:17","modified_gmt":"2026-03-03T15:52:17","slug":"brad-smith","status":"publish","type":"page","link":"https:\/\/abogadoray.com\/es\/nuestro-equipo\/brad-smith\/","title":{"rendered":"Brad Smith"},"content":{"rendered":"<div data-elementor-type=\"wp-page\" data-elementor-id=\"7151\" class=\"elementor elementor-7151\" data-elementor-post-type=\"page\">\n\t\t\t\t\t\t<section class=\"elementor-section elementor-top-section elementor-element elementor-element-aee6b33 elementor-section-boxed elementor-section-height-default elementor-section-height-default\" data-id=\"aee6b33\" data-element_type=\"section\" data-settings=\"{&quot;background_background&quot;:&quot;classic&quot;}\">\n\t\t\t\t\t\t\t<div class=\"elementor-background-overlay\"><\/div>\n\t\t\t\t\t\t\t<div class=\"elementor-container elementor-column-gap-default\">\n\t\t\t\t\t<div class=\"elementor-column elementor-col-100 elementor-top-column elementor-element elementor-element-5ce3b04\" data-id=\"5ce3b04\" data-element_type=\"column\">\n\t\t\t<div class=\"elementor-widget-wrap elementor-element-populated\">\n\t\t\t\t\t\t<div class=\"elementor-element elementor-element-471f636 elementor-widget elementor-widget-heading\" data-id=\"471f636\" data-element_type=\"widget\" data-widget_type=\"heading.default\">\n\t\t\t\t<div class=\"elementor-widget-container\">\n\t\t\t\t\t<h1 class=\"elementor-heading-title elementor-size-default\">Brad Smith<\/h1>\t\t\t\t<\/div>\n\t\t\t\t<\/div>\n\t\t\t\t<div class=\"elementor-element elementor-element-775872d elementor-widget elementor-widget-text-editor\" data-id=\"775872d\" data-element_type=\"widget\" data-widget_type=\"text-editor.default\">\n\t\t\t\t<div class=\"elementor-widget-container\">\n\t\t\t\t\t\t\t\t\t<p>Abogado Superior de Defensa Penal<\/p>\t\t\t\t\t\t\t\t<\/div>\n\t\t\t\t<\/div>\n\t\t\t\t\t<\/div>\n\t\t<\/div>\n\t\t\t\t\t<\/div>\n\t\t<\/section>\n\t\t\t\t<section class=\"elementor-section elementor-top-section elementor-element elementor-element-3849db7 elementor-section-boxed elementor-section-height-default elementor-section-height-default\" data-id=\"3849db7\" data-element_type=\"section\">\n\t\t\t\t\t\t<div class=\"elementor-container elementor-column-gap-default\">\n\t\t\t\t\t<div class=\"elementor-column elementor-col-100 elementor-top-column elementor-element elementor-element-918b54b\" data-id=\"918b54b\" data-element_type=\"column\">\n\t\t\t<div class=\"elementor-widget-wrap elementor-element-populated\">\n\t\t\t\t\t\t<div class=\"elementor-element elementor-element-9f35f26 elementor-widget elementor-widget-breadcrumbs\" data-id=\"9f35f26\" data-element_type=\"widget\" data-widget_type=\"breadcrumbs.default\">\n\t\t\t\t<div class=\"elementor-widget-container\">\n\t\t\t\t\t<nav id=\"breadcrumbs\"><span><span><a href=\"https:\/\/abogadoray.com\/es\/\">Hogar<\/a><\/span><\/span><\/nav>\t\t\t\t<\/div>\n\t\t\t\t<\/div>\n\t\t\t\t\t<\/div>\n\t\t<\/div>\n\t\t\t\t\t<\/div>\n\t\t<\/section>\n\t\t\t\t<section class=\"elementor-section elementor-top-section elementor-element elementor-element-7235289 elementor-section-boxed elementor-section-height-default elementor-section-height-default\" data-id=\"7235289\" data-element_type=\"section\">\n\t\t\t\t\t\t<div class=\"elementor-container elementor-column-gap-default\">\n\t\t\t\t\t<div class=\"elementor-column elementor-col-50 elementor-top-column elementor-element elementor-element-9a2f849\" data-id=\"9a2f849\" data-element_type=\"column\">\n\t\t\t<div class=\"elementor-widget-wrap elementor-element-populated\">\n\t\t\t\t\t\t<div class=\"elementor-element elementor-element-ab81e08 elementor-widget elementor-widget-image\" data-id=\"ab81e08\" data-element_type=\"widget\" data-widget_type=\"image.default\">\n\t\t\t\t<div class=\"elementor-widget-container\">\n\t\t\t\t\t\t\t\t\t\t\t\t\t\t\t<img fetchpriority=\"high\" decoding=\"async\" width=\"653\" height=\"849\" src=\"https:\/\/abogadoray.com\/wp-content\/uploads\/2026\/02\/BRAD-SMITH.png\" class=\"attachment-large size-large wp-image-7142\" alt=\"\" srcset=\"https:\/\/abogadoray.com\/wp-content\/uploads\/2026\/02\/BRAD-SMITH.png 653w, https:\/\/abogadoray.com\/wp-content\/uploads\/2026\/02\/BRAD-SMITH-615x800.png 615w, https:\/\/abogadoray.com\/wp-content\/uploads\/2026\/02\/BRAD-SMITH-9x12.png 9w\" sizes=\"(max-width: 653px) 100vw, 653px\" \/>\t\t\t\t\t\t\t\t\t\t\t\t\t\t\t<\/div>\n\t\t\t\t<\/div>\n\t\t\t\t\t<\/div>\n\t\t<\/div>\n\t\t\t\t<div class=\"elementor-column elementor-col-50 elementor-top-column elementor-element elementor-element-6ccd22b\" data-id=\"6ccd22b\" data-element_type=\"column\">\n\t\t\t<div class=\"elementor-widget-wrap elementor-element-populated\">\n\t\t\t\t\t\t<div class=\"elementor-element elementor-element-4131430 elementor-drop-cap-yes elementor-drop-cap-view-stacked elementor-widget elementor-widget-text-editor\" data-id=\"4131430\" data-element_type=\"widget\" data-settings=\"{&quot;drop_cap&quot;:&quot;yes&quot;}\" data-widget_type=\"text-editor.default\">\n\t\t\t\t<div class=\"elementor-widget-container\">\n\t\t\t\t\t\t\t\t\t<p>B<span style=\"font-weight: 400;\">Rad Smith obtuvo su Licenciatura en Artes en la Universidad de Kansas, donde se gradu\u00f3 con honores de la Sociedad Acad\u00e9mica Phi Beta Kappa. El Sr. Smith obtuvo su Doctorado en Derecho en la Facultad de Derecho de la Universidad de Kansas, donde recibi\u00f3 la Beca de Defensa de Apelaciones Payne and Jones y la Beca Acad\u00e9mica del Colegio de Abogados del Estado de Kansas. Se mud\u00f3 a Arizona en 2001 y ha sido... <strong>un miembro en ejercicio de todos los estados de Arizona<\/strong> y <strong>tribunales federales<\/strong> Desde entonces.<\/span><\/p>\n<p><span style=\"font-weight: 400;\">Como exfiscal, Brad Smith comprende ambos lados del sistema de justicia penal. Un litigante talentoso, el Sr. Smith ascendi\u00f3 r\u00e1pidamente dentro de la Fiscal\u00eda del Condado de Maricopa y proces\u00f3 miles de delitos graves durante su tiempo all\u00ed. Despu\u00e9s de su tiempo como fiscal, el Sr. Smith se dedic\u00f3 a la pr\u00e1ctica privada y <strong>Ha representado agresivamente a personas acusadas de delitos graves durante casi dos d\u00e9cadas.<\/strong><\/span><\/p>\t\t\t\t\t\t\t\t<\/div>\n\t\t\t\t<\/div>\n\t\t\t\t<div class=\"elementor-element elementor-element-899e0c7 elementor-widget elementor-widget-spacer\" data-id=\"899e0c7\" data-element_type=\"widget\" data-widget_type=\"spacer.default\">\n\t\t\t\t<div class=\"elementor-widget-container\">\n\t\t\t\t\t\t\t<div class=\"elementor-spacer\">\n\t\t\t<div class=\"elementor-spacer-inner\"><\/div>\n\t\t<\/div>\n\t\t\t\t\t\t<\/div>\n\t\t\t\t<\/div>\n\t\t\t\t<div class=\"elementor-element elementor-element-98973dc elementor-widget elementor-widget-heading\" data-id=\"98973dc\" data-element_type=\"widget\" data-widget_type=\"heading.default\">\n\t\t\t\t<div class=\"elementor-widget-container\">\n\t\t\t\t\t<h2 class=\"elementor-heading-title elementor-size-default\">Espa\u00f1ol<\/h2>\t\t\t\t<\/div>\n\t\t\t\t<\/div>\n\t\t\t\t<div class=\"elementor-element elementor-element-49992fd elementor-drop-cap-yes elementor-drop-cap-view-stacked elementor-widget elementor-widget-text-editor\" data-id=\"49992fd\" data-element_type=\"widget\" data-settings=\"{&quot;drop_cap&quot;:&quot;yes&quot;}\" data-widget_type=\"text-editor.default\">\n\t\t\t\t<div class=\"elementor-widget-container\">\n\t\t\t\t\t\t\t\t\t<p>Brad Smith obtuvo su licenciatura en la Universidad de Kansas, donde se gradu\u00f3 con honores de la Sociedad Acad\u00e9mica Phi Beta Kappa. El Sr. Smith recibi\u00f3 su Doctorado en Jurisprudencia de la Facultad de Derecho de la Universidad de Kansas, donde fue galardonado con la beca Payne and Jones Appellate Advocacy y la beca acad\u00e9mica del Colegio de Abogados del Estado de Kansas. Se mud\u00f3 a Arizona en 2001 y, desde entonces, ha sido miembro en ejercicio de todos los tribunales estatales y federales de Arizona.<\/p><p data-path-to-node=\"3\">Como exfiscal, Brad Smith comprende ambos lados del sistema de justicia penal. Siendo un litigante talentoso, el Sr. Smith ascendi\u00f3 r\u00e1pidamente dentro de la Oficina del Fiscal del Condado de Maricopa y proces\u00f3 millas de delitos graves durante su trayectoria all\u00ed. Tras su etapa como fiscal, el Sr. Smith se incorpor\u00f3 a la pr\u00e1ctica privada y, durante casi dos d\u00e9cadas, ha representado agresivamente a personas acusadas de delitos graves.<\/p>\t\t\t\t\t\t\t\t<\/div>\n\t\t\t\t<\/div>\n\t\t\t\t\t<\/div>\n\t\t<\/div>\n\t\t\t\t\t<\/div>\n\t\t<\/section>\n\t\t\t\t<section class=\"elementor-section elementor-top-section elementor-element elementor-element-9246500 elementor-section-boxed elementor-section-height-default elementor-section-height-default\" data-id=\"9246500\" data-element_type=\"section\">\n\t\t\t\t\t\t<div class=\"elementor-container elementor-column-gap-default\">\n\t\t\t\t\t<div class=\"elementor-column elementor-col-33 elementor-top-column elementor-element elementor-element-14bbc2a\" data-id=\"14bbc2a\" data-element_type=\"column\">\n\t\t\t<div class=\"elementor-widget-wrap elementor-element-populated\">\n\t\t\t\t\t\t<div class=\"elementor-element elementor-element-59d4b5b elementor-position-top elementor-widget elementor-widget-image-box\" data-id=\"59d4b5b\" data-element_type=\"widget\" data-widget_type=\"image-box.default\">\n\t\t\t\t<div class=\"elementor-widget-container\">\n\t\t\t\t\t<div class=\"elementor-image-box-wrapper\"><figure class=\"elementor-image-box-img\"><img decoding=\"async\" width=\"58\" height=\"66\" src=\"https:\/\/abogadoray.com\/wp-content\/uploads\/2020\/05\/Vector-Smart-Object.png\" class=\"attachment-full size-full wp-image-3323\" alt=\"abogado dedicado de Phoenix\" \/><\/figure><div class=\"elementor-image-box-content\"><h4 class=\"elementor-image-box-title\">DEDICACI\u00d3N<\/h4><p class=\"elementor-image-box-description\">Estamos dedicados a mantener un v\u00ednculo fuerte y ra\u00edces profundas en nuestras comunidades en Arizona.<\/p><\/div><\/div>\t\t\t\t<\/div>\n\t\t\t\t<\/div>\n\t\t\t\t\t<\/div>\n\t\t<\/div>\n\t\t\t\t<div class=\"elementor-column elementor-col-33 elementor-top-column elementor-element elementor-element-9dd9c9a\" data-id=\"9dd9c9a\" data-element_type=\"column\">\n\t\t\t<div class=\"elementor-widget-wrap elementor-element-populated\">\n\t\t\t\t\t\t<div class=\"elementor-element elementor-element-a59614c elementor-position-top elementor-widget elementor-widget-image-box\" data-id=\"a59614c\" data-element_type=\"widget\" data-widget_type=\"image-box.default\">\n\t\t\t\t<div class=\"elementor-widget-container\">\n\t\t\t\t\t<div class=\"elementor-image-box-wrapper\"><figure class=\"elementor-image-box-img\"><img decoding=\"async\" width=\"64\" height=\"64\" src=\"https:\/\/abogadoray.com\/wp-content\/uploads\/2020\/05\/Vector-Smart-Object-1.png\" class=\"attachment-full size-full wp-image-3324\" alt=\"abogado experimentado en phoenix\" \/><\/figure><div class=\"elementor-image-box-content\"><h4 class=\"elementor-image-box-title\">EXPERIENCIA<\/h4><p class=\"elementor-image-box-description\">Nuestras habilidades y experiencia colectiva nos permiten proporcionar un alto nivel de servicio galardonado.<\/p><\/div><\/div>\t\t\t\t<\/div>\n\t\t\t\t<\/div>\n\t\t\t\t\t<\/div>\n\t\t<\/div>\n\t\t\t\t<div class=\"elementor-column elementor-col-33 elementor-top-column elementor-element elementor-element-2c558a2\" data-id=\"2c558a2\" data-element_type=\"column\">\n\t\t\t<div class=\"elementor-widget-wrap elementor-element-populated\">\n\t\t\t\t\t\t<div class=\"elementor-element elementor-element-c86cea8 elementor-position-top elementor-widget elementor-widget-image-box\" data-id=\"c86cea8\" data-element_type=\"widget\" data-widget_type=\"image-box.default\">\n\t\t\t\t<div class=\"elementor-widget-container\">\n\t\t\t\t\t<div class=\"elementor-image-box-wrapper\"><figure class=\"elementor-image-box-img\"><img loading=\"lazy\" decoding=\"async\" width=\"47\" height=\"67\" src=\"https:\/\/abogadoray.com\/wp-content\/uploads\/2020\/05\/Vector-Smart-Object-2.png\" class=\"attachment-full size-full wp-image-3325\" alt=\"Abogado 24\/7 phoenix\" \/><\/figure><div class=\"elementor-image-box-content\"><h4 class=\"elementor-image-box-title\">DISPONIBILIDAD<\/h4><p class=\"elementor-image-box-description\">Nuestros abogados est\u00e1n disponibles de d\u00eda o de noche para que no tenga que esperar la ayuda y el apoyo.<\/p><\/div><\/div>\t\t\t\t<\/div>\n\t\t\t\t<\/div>\n\t\t\t\t\t<\/div>\n\t\t<\/div>\n\t\t\t\t\t<\/div>\n\t\t<\/section>\n\t\t\t\t<section class=\"elementor-section elementor-top-section elementor-element elementor-element-c395e4b elementor-section-boxed elementor-section-height-default elementor-section-height-default\" data-id=\"c395e4b\" data-element_type=\"section\" data-settings=\"{&quot;background_background&quot;:&quot;classic&quot;}\">\n\t\t\t\t\t\t\t<div class=\"elementor-background-overlay\"><\/div>\n\t\t\t\t\t\t\t<div class=\"elementor-container elementor-column-gap-default\">\n\t\t\t\t\t<div class=\"elementor-column elementor-col-100 elementor-top-column elementor-element elementor-element-509f858\" data-id=\"509f858\" data-element_type=\"column\">\n\t\t\t<div class=\"elementor-widget-wrap elementor-element-populated\">\n\t\t\t\t\t\t<div class=\"elementor-element elementor-element-edfe5af elementor-widget elementor-widget-heading\" data-id=\"edfe5af\" data-element_type=\"widget\" data-widget_type=\"heading.default\">\n\t\t\t\t<div class=\"elementor-widget-container\">\n\t\t\t\t\t<h2 class=\"elementor-heading-title elementor-size-default\">DINOS <span>TU<\/span> HISTORIA.<\/h2>\t\t\t\t<\/div>\n\t\t\t\t<\/div>\n\t\t\t\t<div class=\"elementor-element elementor-element-1da8b94 elementor-widget elementor-widget-text-editor\" data-id=\"1da8b94\" data-element_type=\"widget\" data-widget_type=\"text-editor.default\">\n\t\t\t\t<div class=\"elementor-widget-container\">\n\t\t\t\t\t\t\t\t\t<p><a href=\"tel:6029104040\" target=\"_blank\" rel=\"noopener\">(602) 910-4040<\/a><\/p>\t\t\t\t\t\t\t\t<\/div>\n\t\t\t\t<\/div>\n\t\t\t\t\t<\/div>\n\t\t<\/div>\n\t\t\t\t\t<\/div>\n\t\t<\/section>\n\t\t\t\t<section class=\"elementor-section elementor-top-section elementor-element elementor-element-6bf7cf4 elementor-section-boxed elementor-section-height-default elementor-section-height-default\" data-id=\"6bf7cf4\" data-element_type=\"section\" data-settings=\"{&quot;background_background&quot;:&quot;classic&quot;}\">\n\t\t\t\t\t\t<div class=\"elementor-container elementor-column-gap-default\">\n\t\t\t\t\t<div class=\"elementor-column elementor-col-50 elementor-top-column elementor-element elementor-element-d1e916d\" data-id=\"d1e916d\" data-element_type=\"column\">\n\t\t\t<div class=\"elementor-widget-wrap elementor-element-populated\">\n\t\t\t\t\t\t<div class=\"elementor-element elementor-element-b8e25a0 elementor-widget elementor-widget-heading\" data-id=\"b8e25a0\" data-element_type=\"widget\" data-widget_type=\"heading.default\">\n\t\t\t\t<div class=\"elementor-widget-container\">\n\t\t\t\t\t<h5 class=\"elementor-heading-title elementor-size-default\"><span>NO ESPERE <\/span>DEJE QUE NUESTRA LEY FIRME LE AYUDE. <\/h5>\t\t\t\t<\/div>\n\t\t\t\t<\/div>\n\t\t\t\t\t<\/div>\n\t\t<\/div>\n\t\t\t\t<div class=\"elementor-column elementor-col-50 elementor-top-column elementor-element elementor-element-f3db553\" data-id=\"f3db553\" data-element_type=\"column\">\n\t\t\t<div class=\"elementor-widget-wrap elementor-element-populated\">\n\t\t\t\t\t\t<div class=\"elementor-element elementor-element-a09f17d elementor-align-left elementor-tablet-align-center elementor-widget elementor-widget-button\" data-id=\"a09f17d\" data-element_type=\"widget\" data-widget_type=\"button.default\">\n\t\t\t\t<div class=\"elementor-widget-container\">\n\t\t\t\t\t\t\t\t\t<div class=\"elementor-button-wrapper\">\n\t\t\t\t\t<a class=\"elementor-button elementor-button-link elementor-size-sm\" href=\"https:\/\/abogadoray.com\/es\/contactenos\/\">\n\t\t\t\t\t\t<span class=\"elementor-button-content-wrapper\">\n\t\t\t\t\t\t\t\t\t<span class=\"elementor-button-text\">CONCERTAR CITA<\/span>\n\t\t\t\t\t<\/span>\n\t\t\t\t\t<\/a>\n\t\t\t\t<\/div>\n\t\t\t\t\t\t\t\t<\/div>\n\t\t\t\t<\/div>\n\t\t\t\t\t<\/div>\n\t\t<\/div>\n\t\t\t\t\t<\/div>\n\t\t<\/section>\n\t\t\t\t<\/div>","protected":false},"excerpt":{"rendered":"<p>Brad Smith Senior Criminal Defense Attorney Brad Smith earned his Bachelor of Arts degree from the University of Kansas where he graduated with Phi Beta Kappa Academic Society honors.\u00a0 Mr. Smith received his Juris Doctor from the University of Kansas School of Law where he was awarded the Payne and Jones Appellate Advocacy Scholarship and [&hellip;]<\/p>","protected":false},"author":28,"featured_media":7142,"parent":3302,"menu_order":0,"comment_status":"closed","ping_status":"closed","template":"","meta":{"footnotes":"","_links_to":"","_links_to_target":""},"tags":[],"class_list":["post-7151","page","type-page","status-publish","has-post-thumbnail","hentry"],"yoast_head":"<!-- This site is optimized with the Yoast SEO plugin v26.2 - https:\/\/yoast.com\/wordpress\/plugins\/seo\/ -->\n<title>Brad Smith | Senior Criminal Defense Attorney at YMLG<\/title>\n<meta name=\"description\" content=\"Brad Smith is a Senior Criminal Defense Attorney in Phoenix at Ybarra Maldonado Law Group. Trust an experienced lawyer to fight for you\" \/>\n<meta name=\"robots\" content=\"index, follow, max-snippet:-1, max-image-preview:large, max-video-preview:-1\" \/>\n<link rel=\"canonical\" href=\"https:\/\/abogadoray.com\/es\/nuestro-equipo\/brad-smith\/\" \/>\n<meta property=\"og:locale\" content=\"es_MX\" \/>\n<meta property=\"og:type\" content=\"article\" \/>\n<meta property=\"og:title\" content=\"Brad Smith | Senior Criminal Defense Attorney at YMLG\" \/>\n<meta property=\"og:description\" content=\"Brad Smith is a Senior Criminal Defense Attorney in Phoenix at Ybarra Maldonado Law Group. Trust an experienced lawyer to fight for you\" \/>\n<meta property=\"og:url\" content=\"https:\/\/abogadoray.com\/es\/nuestro-equipo\/brad-smith\/\" \/>\n<meta property=\"og:site_name\" content=\"Ybarra Maldonado Law Group | Phoenix Law Firm\" \/>\n<meta property=\"article:publisher\" content=\"https:\/\/www.facebook.com\/abogadoray\/\" \/>\n<meta property=\"article:modified_time\" content=\"2026-03-03T15:52:17+00:00\" \/>\n<meta property=\"og:image\" content=\"https:\/\/abogadoray.com\/wp-content\/uploads\/2026\/02\/BRAD-SMITH.png\" \/>\n\t<meta property=\"og:image:width\" content=\"653\" \/>\n\t<meta property=\"og:image:height\" content=\"849\" \/>\n\t<meta property=\"og:image:type\" content=\"image\/png\" \/>\n<meta name=\"twitter:card\" content=\"summary_large_image\" \/>\n<meta name=\"twitter:site\" content=\"@abogadoray\" \/>\n<meta name=\"twitter:label1\" content=\"Tiempo de lectura\" \/>\n\t<meta name=\"twitter:data1\" content=\"3 minutos\" \/>\n<script type=\"application\/ld+json\" class=\"yoast-schema-graph\">{\"@context\":\"https:\/\/schema.org\",\"@graph\":[{\"@type\":\"WebPage\",\"@id\":\"https:\/\/abogadoray.com\/our-team\/brad-smith\/\",\"url\":\"https:\/\/abogadoray.com\/our-team\/brad-smith\/\",\"name\":\"Brad Smith | Senior Criminal Defense Attorney at YMLG\",\"isPartOf\":{\"@id\":\"https:\/\/abogadoray.com\/#website\"},\"primaryImageOfPage\":{\"@id\":\"https:\/\/abogadoray.com\/our-team\/brad-smith\/#primaryimage\"},\"image\":{\"@id\":\"https:\/\/abogadoray.com\/our-team\/brad-smith\/#primaryimage\"},\"thumbnailUrl\":\"https:\/\/abogadoray.com\/wp-content\/uploads\/2026\/02\/BRAD-SMITH.png\",\"datePublished\":\"2026-03-03T14:02:06+00:00\",\"dateModified\":\"2026-03-03T15:52:17+00:00\",\"description\":\"Brad Smith is a Senior Criminal Defense Attorney in Phoenix at Ybarra Maldonado Law Group. Trust an experienced lawyer to fight for you\",\"breadcrumb\":{\"@id\":\"https:\/\/abogadoray.com\/our-team\/brad-smith\/#breadcrumb\"},\"inLanguage\":\"es\",\"potentialAction\":[{\"@type\":\"ReadAction\",\"target\":[\"https:\/\/abogadoray.com\/our-team\/brad-smith\/\"]}]},{\"@type\":\"ImageObject\",\"inLanguage\":\"es\",\"@id\":\"https:\/\/abogadoray.com\/our-team\/brad-smith\/#primaryimage\",\"url\":\"https:\/\/abogadoray.com\/wp-content\/uploads\/2026\/02\/BRAD-SMITH.png\",\"contentUrl\":\"https:\/\/abogadoray.com\/wp-content\/uploads\/2026\/02\/BRAD-SMITH.png\",\"width\":653,\"height\":849},{\"@type\":\"BreadcrumbList\",\"@id\":\"https:\/\/abogadoray.com\/our-team\/brad-smith\/#breadcrumb\",\"itemListElement\":[{\"@type\":\"ListItem\",\"position\":1,\"name\":\"Home\",\"item\":\"https:\/\/abogadoray.com\/\"},{\"@type\":\"ListItem\",\"position\":2,\"name\":\"Our Team\",\"item\":\"https:\/\/abogadoray.com\/our-team\/\"},{\"@type\":\"ListItem\",\"position\":3,\"name\":\"Brad Smith\"}]},{\"@type\":\"WebSite\",\"@id\":\"https:\/\/abogadoray.com\/#website\",\"url\":\"https:\/\/abogadoray.com\/\",\"name\":\"Ybarra Maldonado Law Group | Phoenix Law Firm\",\"description\":\"Reuniting Families, Keeping Them Together\",\"publisher\":{\"@id\":\"https:\/\/abogadoray.com\/#organization\"},\"potentialAction\":[{\"@type\":\"SearchAction\",\"target\":{\"@type\":\"EntryPoint\",\"urlTemplate\":\"https:\/\/abogadoray.com\/?s={search_term_string}\"},\"query-input\":{\"@type\":\"PropertyValueSpecification\",\"valueRequired\":true,\"valueName\":\"search_term_string\"}}],\"inLanguage\":\"es\"},{\"@type\":\"Organization\",\"@id\":\"https:\/\/abogadoray.com\/#organization\",\"name\":\"Ybarra Maldonado Law Group\",\"url\":\"https:\/\/abogadoray.com\/\",\"logo\":{\"@type\":\"ImageObject\",\"inLanguage\":\"es\",\"@id\":\"https:\/\/abogadoray.com\/#\/schema\/logo\/image\/\",\"url\":\"https:\/\/abogadoray.com\/wp-content\/uploads\/2017\/12\/abogados-de-migracion-ray-logo-copy.png\",\"contentUrl\":\"https:\/\/abogadoray.com\/wp-content\/uploads\/2017\/12\/abogados-de-migracion-ray-logo-copy.png\",\"width\":360,\"height\":202,\"caption\":\"Ybarra Maldonado Law Group\"},\"image\":{\"@id\":\"https:\/\/abogadoray.com\/#\/schema\/logo\/image\/\"},\"sameAs\":[\"https:\/\/www.facebook.com\/abogadoray\/\",\"https:\/\/x.com\/abogadoray\",\"https:\/\/abogadoray\",\"https:\/\/www.linkedin.com\/in\/ray-ybarra-maldonado-6b1b3044\/\",\"https:\/\/www.youtube.com\/channel\/UC0_lzX6okOXa3YHvq3jIM_A\"]}]}<\/script>\n<!-- \/ Yoast SEO plugin. -->","yoast_head_json":{"title":"Brad Smith | Abogado s\u00e9nior de defensa penal en YMLG","description":"Brad Smith es un abogado penalista s\u00e9nior en Phoenix en el bufete Ybarra Maldonado Law Group. Conf\u00ede en un abogado con experiencia para que luche por usted.","robots":{"index":"index","follow":"follow","max-snippet":"max-snippet:-1","max-image-preview":"max-image-preview:large","max-video-preview":"max-video-preview:-1"},"canonical":"https:\/\/abogadoray.com\/es\/nuestro-equipo\/brad-smith\/","og_locale":"es_MX","og_type":"article","og_title":"Brad Smith | Senior Criminal Defense Attorney at YMLG","og_description":"Brad Smith is a Senior Criminal Defense Attorney in Phoenix at Ybarra Maldonado Law Group. Trust an experienced lawyer to fight for you","og_url":"https:\/\/abogadoray.com\/es\/nuestro-equipo\/brad-smith\/","og_site_name":"Ybarra Maldonado Law Group | Phoenix Law Firm","article_publisher":"https:\/\/www.facebook.com\/abogadoray\/","article_modified_time":"2026-03-03T15:52:17+00:00","og_image":[{"width":653,"height":849,"url":"https:\/\/abogadoray.com\/wp-content\/uploads\/2026\/02\/BRAD-SMITH.png","type":"image\/png"}],"twitter_card":"summary_large_image","twitter_site":"@abogadoray","twitter_misc":{"Tiempo de lectura":"3 minutos"},"schema":{"@context":"https:\/\/schema.org","@graph":[{"@type":"WebPage","@id":"https:\/\/abogadoray.com\/our-team\/brad-smith\/","url":"https:\/\/abogadoray.com\/our-team\/brad-smith\/","name":"Brad Smith | Abogado s\u00e9nior de defensa penal en YMLG","isPartOf":{"@id":"https:\/\/abogadoray.com\/#website"},"primaryImageOfPage":{"@id":"https:\/\/abogadoray.com\/our-team\/brad-smith\/#primaryimage"},"image":{"@id":"https:\/\/abogadoray.com\/our-team\/brad-smith\/#primaryimage"},"thumbnailUrl":"https:\/\/abogadoray.com\/wp-content\/uploads\/2026\/02\/BRAD-SMITH.png","datePublished":"2026-03-03T14:02:06+00:00","dateModified":"2026-03-03T15:52:17+00:00","description":"Brad Smith es un abogado penalista s\u00e9nior en Phoenix en el bufete Ybarra Maldonado Law Group. Conf\u00ede en un abogado con experiencia para que luche por usted.","breadcrumb":{"@id":"https:\/\/abogadoray.com\/our-team\/brad-smith\/#breadcrumb"},"inLanguage":"es","potentialAction":[{"@type":"ReadAction","target":["https:\/\/abogadoray.com\/our-team\/brad-smith\/"]}]},{"@type":"ImageObject","inLanguage":"es","@id":"https:\/\/abogadoray.com\/our-team\/brad-smith\/#primaryimage","url":"https:\/\/abogadoray.com\/wp-content\/uploads\/2026\/02\/BRAD-SMITH.png","contentUrl":"https:\/\/abogadoray.com\/wp-content\/uploads\/2026\/02\/BRAD-SMITH.png","width":653,"height":849},{"@type":"BreadcrumbList","@id":"https:\/\/abogadoray.com\/our-team\/brad-smith\/#breadcrumb","itemListElement":[{"@type":"ListItem","position":1,"name":"Home","item":"https:\/\/abogadoray.com\/"},{"@type":"ListItem","position":2,"name":"Our Team","item":"https:\/\/abogadoray.com\/our-team\/"},{"@type":"ListItem","position":3,"name":"Brad Smith"}]},{"@type":"WebSite","@id":"https:\/\/abogadoray.com\/#website","url":"https:\/\/abogadoray.com\/","name":"Ybarra Maldonado Law Group | Bufete de abogados de Phoenix","description":"Reuniendo familias, manteni\u00e9ndolas juntas","publisher":{"@id":"https:\/\/abogadoray.com\/#organization"},"potentialAction":[{"@type":"SearchAction","target":{"@type":"EntryPoint","urlTemplate":"https:\/\/abogadoray.com\/?s={search_term_string}"},"query-input":{"@type":"PropertyValueSpecification","valueRequired":true,"valueName":"search_term_string"}}],"inLanguage":"es"},{"@type":"Organization","@id":"https:\/\/abogadoray.com\/#organization","name":"Ybarra Maldonado Law Group,","url":"https:\/\/abogadoray.com\/","logo":{"@type":"ImageObject","inLanguage":"es","@id":"https:\/\/abogadoray.com\/#\/schema\/logo\/image\/","url":"https:\/\/abogadoray.com\/wp-content\/uploads\/2017\/12\/abogados-de-migracion-ray-logo-copy.png","contentUrl":"https:\/\/abogadoray.com\/wp-content\/uploads\/2017\/12\/abogados-de-migracion-ray-logo-copy.png","width":360,"height":202,"caption":"Ybarra Maldonado Law Group"},"image":{"@id":"https:\/\/abogadoray.com\/#\/schema\/logo\/image\/"},"sameAs":["https:\/\/www.facebook.com\/abogadoray\/","https:\/\/x.com\/abogadoray","https:\/\/abogadoray","https:\/\/www.linkedin.com\/in\/ray-ybarra-maldonado-6b1b3044\/","https:\/\/www.youtube.com\/channel\/UC0_lzX6okOXa3YHvq3jIM_A"]}]}},"_links":{"self":[{"href":"https:\/\/abogadoray.com\/es\/wp-json\/wp\/v2\/pages\/7151","targetHints":{"allow":["GET"]}}],"collection":[{"href":"https:\/\/abogadoray.com\/es\/wp-json\/wp\/v2\/pages"}],"about":[{"href":"https:\/\/abogadoray.com\/es\/wp-json\/wp\/v2\/types\/page"}],"author":[{"embeddable":true,"href":"https:\/\/abogadoray.com\/es\/wp-json\/wp\/v2\/users\/28"}],"replies":[{"embeddable":true,"href":"https:\/\/abogadoray.com\/es\/wp-json\/wp\/v2\/comments?post=7151"}],"version-history":[{"count":0,"href":"https:\/\/abogadoray.com\/es\/wp-json\/wp\/v2\/pages\/7151\/revisions"}],"up":[{"embeddable":true,"href":"https:\/\/abogadoray.com\/es\/wp-json\/wp\/v2\/pages\/3302"}],"wp:featuredmedia":[{"embeddable":true,"href":"https:\/\/abogadoray.com\/es\/wp-json\/wp\/v2\/media\/7142"}],"wp:attachment":[{"href":"https:\/\/abogadoray.com\/es\/wp-json\/wp\/v2\/media?parent=7151"}],"wp:term":[{"taxonomy":"post_tag","embeddable":true,"href":"https:\/\/abogadoray.com\/es\/wp-json\/wp\/v2\/tags?post=7151"}],"curies":[{"name":"gracias","href":"https:\/\/api.w.org\/{rel}","templated":true}]}}