{"id":7180,"date":"2026-03-11T09:57:46","date_gmt":"2026-03-11T16:57:46","guid":{"rendered":"https:\/\/abogadoray.com\/?page_id=7180"},"modified":"2026-03-11T09:57:46","modified_gmt":"2026-03-11T16:57:46","slug":"juan-chaparro","status":"publish","type":"page","link":"https:\/\/abogadoray.com\/es\/nuestro-equipo\/juan-chaparro\/","title":{"rendered":"Juan Chaparro"},"content":{"rendered":"<div data-elementor-type=\"wp-page\" data-elementor-id=\"7180\" class=\"elementor elementor-7180\" data-elementor-post-type=\"page\">\n\t\t\t\t\t\t<section class=\"elementor-section elementor-top-section elementor-element elementor-element-aee6b33 elementor-section-boxed elementor-section-height-default elementor-section-height-default\" data-id=\"aee6b33\" data-element_type=\"section\" data-settings=\"{&quot;background_background&quot;:&quot;classic&quot;}\">\n\t\t\t\t\t\t\t<div class=\"elementor-background-overlay\"><\/div>\n\t\t\t\t\t\t\t<div class=\"elementor-container elementor-column-gap-default\">\n\t\t\t\t\t<div class=\"elementor-column elementor-col-100 elementor-top-column elementor-element elementor-element-5ce3b04\" data-id=\"5ce3b04\" data-element_type=\"column\">\n\t\t\t<div class=\"elementor-widget-wrap elementor-element-populated\">\n\t\t\t\t\t\t<div class=\"elementor-element elementor-element-471f636 elementor-widget elementor-widget-heading\" data-id=\"471f636\" data-element_type=\"widget\" data-widget_type=\"heading.default\">\n\t\t\t\t<div class=\"elementor-widget-container\">\n\t\t\t\t\t<h1 class=\"elementor-heading-title elementor-size-default\">Juan Chaparro<\/h1>\t\t\t\t<\/div>\n\t\t\t\t<\/div>\n\t\t\t\t<div class=\"elementor-element elementor-element-775872d elementor-widget elementor-widget-text-editor\" data-id=\"775872d\" data-element_type=\"widget\" data-widget_type=\"text-editor.default\">\n\t\t\t\t<div class=\"elementor-widget-container\">\n\t\t\t\t\t\t\t\t\t<p>Paralegal de inmigraci\u00f3n<\/p>\t\t\t\t\t\t\t\t<\/div>\n\t\t\t\t<\/div>\n\t\t\t\t\t<\/div>\n\t\t<\/div>\n\t\t\t\t\t<\/div>\n\t\t<\/section>\n\t\t\t\t<section class=\"elementor-section elementor-top-section elementor-element elementor-element-3849db7 elementor-section-boxed elementor-section-height-default elementor-section-height-default\" data-id=\"3849db7\" data-element_type=\"section\">\n\t\t\t\t\t\t<div class=\"elementor-container elementor-column-gap-default\">\n\t\t\t\t\t<div class=\"elementor-column elementor-col-100 elementor-top-column elementor-element elementor-element-918b54b\" data-id=\"918b54b\" data-element_type=\"column\">\n\t\t\t<div class=\"elementor-widget-wrap elementor-element-populated\">\n\t\t\t\t\t\t<div class=\"elementor-element elementor-element-9f35f26 elementor-widget elementor-widget-breadcrumbs\" data-id=\"9f35f26\" data-element_type=\"widget\" data-widget_type=\"breadcrumbs.default\">\n\t\t\t\t<div class=\"elementor-widget-container\">\n\t\t\t\t\t<nav id=\"breadcrumbs\"><span><span><a href=\"https:\/\/abogadoray.com\/es\/\">Hogar<\/a><\/span><\/span><\/nav>\t\t\t\t<\/div>\n\t\t\t\t<\/div>\n\t\t\t\t\t<\/div>\n\t\t<\/div>\n\t\t\t\t\t<\/div>\n\t\t<\/section>\n\t\t\t\t<section class=\"elementor-section elementor-top-section elementor-element elementor-element-7235289 elementor-section-boxed elementor-section-height-default elementor-section-height-default\" data-id=\"7235289\" data-element_type=\"section\">\n\t\t\t\t\t\t<div class=\"elementor-container elementor-column-gap-default\">\n\t\t\t\t\t<div class=\"elementor-column elementor-col-50 elementor-top-column elementor-element elementor-element-9a2f849\" data-id=\"9a2f849\" data-element_type=\"column\">\n\t\t\t<div class=\"elementor-widget-wrap elementor-element-populated\">\n\t\t\t\t\t\t<div class=\"elementor-element elementor-element-ab81e08 elementor-widget elementor-widget-image\" data-id=\"ab81e08\" data-element_type=\"widget\" data-widget_type=\"image.default\">\n\t\t\t\t<div class=\"elementor-widget-container\">\n\t\t\t\t\t\t\t\t\t\t\t\t\t\t\t<img fetchpriority=\"high\" decoding=\"async\" width=\"473\" height=\"624\" src=\"https:\/\/abogadoray.com\/wp-content\/uploads\/2026\/03\/Juan-Chaparro-photo-1.jpg\" class=\"attachment-large size-large wp-image-7181\" alt=\"\" srcset=\"https:\/\/abogadoray.com\/wp-content\/uploads\/2026\/03\/Juan-Chaparro-photo-1.jpg 473w, https:\/\/abogadoray.com\/wp-content\/uploads\/2026\/03\/Juan-Chaparro-photo-1-9x12.jpg 9w\" sizes=\"(max-width: 473px) 100vw, 473px\" \/>\t\t\t\t\t\t\t\t\t\t\t\t\t\t\t<\/div>\n\t\t\t\t<\/div>\n\t\t\t\t\t<\/div>\n\t\t<\/div>\n\t\t\t\t<div class=\"elementor-column elementor-col-50 elementor-top-column elementor-element elementor-element-6ccd22b\" data-id=\"6ccd22b\" data-element_type=\"column\">\n\t\t\t<div class=\"elementor-widget-wrap elementor-element-populated\">\n\t\t\t\t\t\t<div class=\"elementor-element elementor-element-4131430 elementor-drop-cap-yes elementor-drop-cap-view-stacked elementor-widget elementor-widget-text-editor\" data-id=\"4131430\" data-element_type=\"widget\" data-settings=\"{&quot;drop_cap&quot;:&quot;yes&quot;}\" data-widget_type=\"text-editor.default\">\n\t\t\t\t<div class=\"elementor-widget-container\">\n\t\t\t\t\t\t\t\t\t<p>J<span style=\"font-weight: 400;\">Juan Manuel Chaparro es un profesional del derecho colombiano con experiencia en derecho migratorio y asesor\u00eda legal. Se gradu\u00f3 en Derecho por la Universidad Cooperativa de Colombia, donde desarroll\u00f3 un firme compromiso con la asistencia a comunidades vulnerables y el acceso a asesor\u00eda legal.<\/span><\/p><p><span style=\"font-weight: 400;\">Durante su formaci\u00f3n jur\u00eddica, Juan Manuel complet\u00f3 su pr\u00e1ctica profesional asistiendo a inmigrantes en casos pro bono, ayudando a personas y familias a desenvolverse en procesos legales complejos y a comprender mejor sus derechos. Esta experiencia le permiti\u00f3 adquirir una valiosa experiencia pr\u00e1ctica trabajando con migrantes que enfrentan situaciones legales dif\u00edciles y fortaleci\u00f3 su compromiso con el derecho migratorio.<\/span><\/p><p><span style=\"font-weight: 400;\">Juan Manuel trabaja actualmente como asistente legal en el \u00e1mbito del derecho migratorio, donde se especializa principalmente en solicitudes de fianza, recursos de h\u00e1beas corpus y casos de deportaci\u00f3n. En este puesto, asiste a los abogados en la preparaci\u00f3n de casos, la documentaci\u00f3n legal y la comunicaci\u00f3n con los clientes, contribuyendo a que los casos se tramiten con eficiencia y a que los clientes reciban el apoyo necesario durante las etapas cruciales de sus tr\u00e1mites migratorios.<\/span><\/p><p><span style=\"font-weight: 400;\">Gracias a su trabajo en el \u00e1mbito del derecho migratorio, Juan Manuel ha desarrollado un s\u00f3lido conocimiento de los procedimientos de inmigraci\u00f3n y sigue comprometido con el apoyo a las personas que buscan estabilidad y oportunidades en los Estados Unidos.<\/span><\/p><p><span style=\"font-weight: 400;\">Fuera de su trabajo profesional, Juan Manuel disfruta haciendo ejercicio, aprendiendo sobre tecnolog\u00eda, pasando tiempo con animales y ampliando continuamente sus conocimientos en diferentes \u00e1reas.<\/span><\/p>\t\t\t\t\t\t\t\t<\/div>\n\t\t\t\t<\/div>\n\t\t\t\t\t<\/div>\n\t\t<\/div>\n\t\t\t\t\t<\/div>\n\t\t<\/section>\n\t\t\t\t<section class=\"elementor-section elementor-top-section elementor-element elementor-element-9246500 elementor-section-boxed elementor-section-height-default elementor-section-height-default\" data-id=\"9246500\" data-element_type=\"section\">\n\t\t\t\t\t\t<div class=\"elementor-container elementor-column-gap-default\">\n\t\t\t\t\t<div class=\"elementor-column elementor-col-33 elementor-top-column elementor-element elementor-element-14bbc2a\" data-id=\"14bbc2a\" data-element_type=\"column\">\n\t\t\t<div class=\"elementor-widget-wrap elementor-element-populated\">\n\t\t\t\t\t\t<div class=\"elementor-element elementor-element-59d4b5b elementor-position-top elementor-widget elementor-widget-image-box\" data-id=\"59d4b5b\" data-element_type=\"widget\" data-widget_type=\"image-box.default\">\n\t\t\t\t<div class=\"elementor-widget-container\">\n\t\t\t\t\t<div class=\"elementor-image-box-wrapper\"><figure class=\"elementor-image-box-img\"><img decoding=\"async\" width=\"58\" height=\"66\" src=\"https:\/\/abogadoray.com\/wp-content\/uploads\/2020\/05\/Vector-Smart-Object.png\" class=\"attachment-full size-full wp-image-3323\" alt=\"abogado dedicado de Phoenix\" \/><\/figure><div class=\"elementor-image-box-content\"><h4 class=\"elementor-image-box-title\">DEDICACI\u00d3N<\/h4><p class=\"elementor-image-box-description\">Estamos dedicados a mantener un v\u00ednculo fuerte y ra\u00edces profundas en nuestras comunidades en Arizona.<\/p><\/div><\/div>\t\t\t\t<\/div>\n\t\t\t\t<\/div>\n\t\t\t\t\t<\/div>\n\t\t<\/div>\n\t\t\t\t<div class=\"elementor-column elementor-col-33 elementor-top-column elementor-element elementor-element-9dd9c9a\" data-id=\"9dd9c9a\" data-element_type=\"column\">\n\t\t\t<div class=\"elementor-widget-wrap elementor-element-populated\">\n\t\t\t\t\t\t<div class=\"elementor-element elementor-element-a59614c elementor-position-top elementor-widget elementor-widget-image-box\" data-id=\"a59614c\" data-element_type=\"widget\" data-widget_type=\"image-box.default\">\n\t\t\t\t<div class=\"elementor-widget-container\">\n\t\t\t\t\t<div class=\"elementor-image-box-wrapper\"><figure class=\"elementor-image-box-img\"><img decoding=\"async\" width=\"64\" height=\"64\" src=\"https:\/\/abogadoray.com\/wp-content\/uploads\/2020\/05\/Vector-Smart-Object-1.png\" class=\"attachment-full size-full wp-image-3324\" alt=\"abogado experimentado en phoenix\" \/><\/figure><div class=\"elementor-image-box-content\"><h4 class=\"elementor-image-box-title\">EXPERIENCIA<\/h4><p class=\"elementor-image-box-description\">Nuestras habilidades y experiencia colectiva nos permiten proporcionar un alto nivel de servicio galardonado.<\/p><\/div><\/div>\t\t\t\t<\/div>\n\t\t\t\t<\/div>\n\t\t\t\t\t<\/div>\n\t\t<\/div>\n\t\t\t\t<div class=\"elementor-column elementor-col-33 elementor-top-column elementor-element elementor-element-2c558a2\" data-id=\"2c558a2\" data-element_type=\"column\">\n\t\t\t<div class=\"elementor-widget-wrap elementor-element-populated\">\n\t\t\t\t\t\t<div class=\"elementor-element elementor-element-c86cea8 elementor-position-top elementor-widget elementor-widget-image-box\" data-id=\"c86cea8\" data-element_type=\"widget\" data-widget_type=\"image-box.default\">\n\t\t\t\t<div class=\"elementor-widget-container\">\n\t\t\t\t\t<div class=\"elementor-image-box-wrapper\"><figure class=\"elementor-image-box-img\"><img loading=\"lazy\" decoding=\"async\" width=\"47\" height=\"67\" src=\"https:\/\/abogadoray.com\/wp-content\/uploads\/2020\/05\/Vector-Smart-Object-2.png\" class=\"attachment-full size-full wp-image-3325\" alt=\"Abogado 24\/7 phoenix\" \/><\/figure><div class=\"elementor-image-box-content\"><h4 class=\"elementor-image-box-title\">DISPONIBILIDAD<\/h4><p class=\"elementor-image-box-description\">Nuestros abogados est\u00e1n disponibles de d\u00eda o de noche para que no tenga que esperar la ayuda y el apoyo.<\/p><\/div><\/div>\t\t\t\t<\/div>\n\t\t\t\t<\/div>\n\t\t\t\t\t<\/div>\n\t\t<\/div>\n\t\t\t\t\t<\/div>\n\t\t<\/section>\n\t\t\t\t<section class=\"elementor-section elementor-top-section elementor-element elementor-element-c395e4b elementor-section-boxed elementor-section-height-default elementor-section-height-default\" data-id=\"c395e4b\" data-element_type=\"section\" data-settings=\"{&quot;background_background&quot;:&quot;classic&quot;}\">\n\t\t\t\t\t\t\t<div class=\"elementor-background-overlay\"><\/div>\n\t\t\t\t\t\t\t<div class=\"elementor-container elementor-column-gap-default\">\n\t\t\t\t\t<div class=\"elementor-column elementor-col-100 elementor-top-column elementor-element elementor-element-509f858\" data-id=\"509f858\" data-element_type=\"column\">\n\t\t\t<div class=\"elementor-widget-wrap elementor-element-populated\">\n\t\t\t\t\t\t<div class=\"elementor-element elementor-element-edfe5af elementor-widget elementor-widget-heading\" data-id=\"edfe5af\" data-element_type=\"widget\" data-widget_type=\"heading.default\">\n\t\t\t\t<div class=\"elementor-widget-container\">\n\t\t\t\t\t<h2 class=\"elementor-heading-title elementor-size-default\">DINOS <span>TU<\/span> HISTORIA.<\/h2>\t\t\t\t<\/div>\n\t\t\t\t<\/div>\n\t\t\t\t<div class=\"elementor-element elementor-element-1da8b94 elementor-widget elementor-widget-text-editor\" data-id=\"1da8b94\" data-element_type=\"widget\" data-widget_type=\"text-editor.default\">\n\t\t\t\t<div class=\"elementor-widget-container\">\n\t\t\t\t\t\t\t\t\t<p><a href=\"tel:6029104040\" target=\"_blank\" rel=\"noopener\">(602) 910-4040<\/a><\/p>\t\t\t\t\t\t\t\t<\/div>\n\t\t\t\t<\/div>\n\t\t\t\t\t<\/div>\n\t\t<\/div>\n\t\t\t\t\t<\/div>\n\t\t<\/section>\n\t\t\t\t<section class=\"elementor-section elementor-top-section elementor-element elementor-element-6bf7cf4 elementor-section-boxed elementor-section-height-default elementor-section-height-default\" data-id=\"6bf7cf4\" data-element_type=\"section\" data-settings=\"{&quot;background_background&quot;:&quot;classic&quot;}\">\n\t\t\t\t\t\t<div class=\"elementor-container elementor-column-gap-default\">\n\t\t\t\t\t<div class=\"elementor-column elementor-col-50 elementor-top-column elementor-element elementor-element-d1e916d\" data-id=\"d1e916d\" data-element_type=\"column\">\n\t\t\t<div class=\"elementor-widget-wrap elementor-element-populated\">\n\t\t\t\t\t\t<div class=\"elementor-element elementor-element-b8e25a0 elementor-widget elementor-widget-heading\" data-id=\"b8e25a0\" data-element_type=\"widget\" data-widget_type=\"heading.default\">\n\t\t\t\t<div class=\"elementor-widget-container\">\n\t\t\t\t\t<h5 class=\"elementor-heading-title elementor-size-default\"><span>NO ESPERE <\/span>DEJE QUE NUESTRA LEY FIRME LE AYUDE. <\/h5>\t\t\t\t<\/div>\n\t\t\t\t<\/div>\n\t\t\t\t\t<\/div>\n\t\t<\/div>\n\t\t\t\t<div class=\"elementor-column elementor-col-50 elementor-top-column elementor-element elementor-element-f3db553\" data-id=\"f3db553\" data-element_type=\"column\">\n\t\t\t<div class=\"elementor-widget-wrap elementor-element-populated\">\n\t\t\t\t\t\t<div class=\"elementor-element elementor-element-a09f17d elementor-align-left elementor-tablet-align-center elementor-widget elementor-widget-button\" data-id=\"a09f17d\" data-element_type=\"widget\" data-widget_type=\"button.default\">\n\t\t\t\t<div class=\"elementor-widget-container\">\n\t\t\t\t\t\t\t\t\t<div class=\"elementor-button-wrapper\">\n\t\t\t\t\t<a class=\"elementor-button elementor-button-link elementor-size-sm\" href=\"https:\/\/abogadoray.com\/es\/contactenos\/\">\n\t\t\t\t\t\t<span class=\"elementor-button-content-wrapper\">\n\t\t\t\t\t\t\t\t\t<span class=\"elementor-button-text\">CONCERTAR CITA<\/span>\n\t\t\t\t\t<\/span>\n\t\t\t\t\t<\/a>\n\t\t\t\t<\/div>\n\t\t\t\t\t\t\t\t<\/div>\n\t\t\t\t<\/div>\n\t\t\t\t\t<\/div>\n\t\t<\/div>\n\t\t\t\t\t<\/div>\n\t\t<\/section>\n\t\t\t\t<\/div>","protected":false},"excerpt":{"rendered":"<p>Juan Chaparro, Asistente Legal de Inmigraci\u00f3n. Juan Manuel Chaparro es un profesional del derecho colombiano con experiencia en derecho migratorio y asistencia legal. Se gradu\u00f3 en Derecho por la Universidad Cooperativa de Colombia, donde desarroll\u00f3 un fuerte compromiso con la asistencia a comunidades vulnerables y el acceso a asesor\u00eda legal. Durante su formaci\u00f3n jur\u00eddica, Juan Manuel complet\u00f3 [\u2026]<\/p>","protected":false},"author":28,"featured_media":7181,"parent":3302,"menu_order":0,"comment_status":"closed","ping_status":"closed","template":"","meta":{"footnotes":"","_links_to":"","_links_to_target":""},"tags":[],"class_list":["post-7180","page","type-page","status-publish","has-post-thumbnail","hentry"],"yoast_head":"<!-- This site is optimized with the Yoast SEO plugin v26.2 - https:\/\/yoast.com\/wordpress\/plugins\/seo\/ -->\n<title>Juan Chaparro | Immigration Paralegal<\/title>\n<meta name=\"description\" content=\"Experienced immigration paralegal specializing in bond motions, habeas corpus, and removal cases. Committed to providing legal support for families.\" \/>\n<meta name=\"robots\" content=\"index, follow, max-snippet:-1, max-image-preview:large, max-video-preview:-1\" \/>\n<link rel=\"canonical\" href=\"https:\/\/abogadoray.com\/es\/nuestro-equipo\/juan-chaparro\/\" \/>\n<meta property=\"og:locale\" content=\"es_MX\" \/>\n<meta property=\"og:type\" content=\"article\" \/>\n<meta property=\"og:title\" content=\"Juan Chaparro | Immigration Paralegal\" \/>\n<meta property=\"og:description\" content=\"Experienced immigration paralegal specializing in bond motions, habeas corpus, and removal cases. Committed to providing legal support for families.\" \/>\n<meta property=\"og:url\" content=\"https:\/\/abogadoray.com\/es\/nuestro-equipo\/juan-chaparro\/\" \/>\n<meta property=\"og:site_name\" content=\"Ybarra Maldonado Law Group | Phoenix Law Firm\" \/>\n<meta property=\"article:publisher\" content=\"https:\/\/www.facebook.com\/abogadoray\/\" \/>\n<meta property=\"og:image\" content=\"https:\/\/abogadoray.com\/wp-content\/uploads\/2026\/03\/Juan-Chaparro-photo-1.jpg\" \/>\n\t<meta property=\"og:image:width\" content=\"473\" \/>\n\t<meta property=\"og:image:height\" content=\"624\" \/>\n\t<meta property=\"og:image:type\" content=\"image\/jpeg\" \/>\n<meta name=\"twitter:card\" content=\"summary_large_image\" \/>\n<meta name=\"twitter:site\" content=\"@abogadoray\" \/>\n<meta name=\"twitter:label1\" content=\"Tiempo de lectura\" \/>\n\t<meta name=\"twitter:data1\" content=\"3 minutos\" \/>\n<script type=\"application\/ld+json\" class=\"yoast-schema-graph\">{\"@context\":\"https:\/\/schema.org\",\"@graph\":[{\"@type\":\"WebPage\",\"@id\":\"https:\/\/abogadoray.com\/our-team\/juan-chaparro\/\",\"url\":\"https:\/\/abogadoray.com\/our-team\/juan-chaparro\/\",\"name\":\"Juan Chaparro | Immigration Paralegal\",\"isPartOf\":{\"@id\":\"https:\/\/abogadoray.com\/#website\"},\"primaryImageOfPage\":{\"@id\":\"https:\/\/abogadoray.com\/our-team\/juan-chaparro\/#primaryimage\"},\"image\":{\"@id\":\"https:\/\/abogadoray.com\/our-team\/juan-chaparro\/#primaryimage\"},\"thumbnailUrl\":\"https:\/\/abogadoray.com\/wp-content\/uploads\/2026\/03\/Juan-Chaparro-photo-1.jpg\",\"datePublished\":\"2026-03-11T16:57:46+00:00\",\"description\":\"Experienced immigration paralegal specializing in bond motions, habeas corpus, and removal cases. Committed to providing legal support for families.\",\"breadcrumb\":{\"@id\":\"https:\/\/abogadoray.com\/our-team\/juan-chaparro\/#breadcrumb\"},\"inLanguage\":\"es\",\"potentialAction\":[{\"@type\":\"ReadAction\",\"target\":[\"https:\/\/abogadoray.com\/our-team\/juan-chaparro\/\"]}]},{\"@type\":\"ImageObject\",\"inLanguage\":\"es\",\"@id\":\"https:\/\/abogadoray.com\/our-team\/juan-chaparro\/#primaryimage\",\"url\":\"https:\/\/abogadoray.com\/wp-content\/uploads\/2026\/03\/Juan-Chaparro-photo-1.jpg\",\"contentUrl\":\"https:\/\/abogadoray.com\/wp-content\/uploads\/2026\/03\/Juan-Chaparro-photo-1.jpg\",\"width\":473,\"height\":624},{\"@type\":\"BreadcrumbList\",\"@id\":\"https:\/\/abogadoray.com\/our-team\/juan-chaparro\/#breadcrumb\",\"itemListElement\":[{\"@type\":\"ListItem\",\"position\":1,\"name\":\"Home\",\"item\":\"https:\/\/abogadoray.com\/\"},{\"@type\":\"ListItem\",\"position\":2,\"name\":\"Our Team\",\"item\":\"https:\/\/abogadoray.com\/our-team\/\"},{\"@type\":\"ListItem\",\"position\":3,\"name\":\"Juan Chaparro\"}]},{\"@type\":\"WebSite\",\"@id\":\"https:\/\/abogadoray.com\/#website\",\"url\":\"https:\/\/abogadoray.com\/\",\"name\":\"Ybarra Maldonado Law Group | Phoenix Law Firm\",\"description\":\"Reuniting Families, Keeping Them Together\",\"publisher\":{\"@id\":\"https:\/\/abogadoray.com\/#organization\"},\"potentialAction\":[{\"@type\":\"SearchAction\",\"target\":{\"@type\":\"EntryPoint\",\"urlTemplate\":\"https:\/\/abogadoray.com\/?s={search_term_string}\"},\"query-input\":{\"@type\":\"PropertyValueSpecification\",\"valueRequired\":true,\"valueName\":\"search_term_string\"}}],\"inLanguage\":\"es\"},{\"@type\":\"Organization\",\"@id\":\"https:\/\/abogadoray.com\/#organization\",\"name\":\"Ybarra Maldonado Law Group\",\"url\":\"https:\/\/abogadoray.com\/\",\"logo\":{\"@type\":\"ImageObject\",\"inLanguage\":\"es\",\"@id\":\"https:\/\/abogadoray.com\/#\/schema\/logo\/image\/\",\"url\":\"https:\/\/abogadoray.com\/wp-content\/uploads\/2017\/12\/abogados-de-migracion-ray-logo-copy.png\",\"contentUrl\":\"https:\/\/abogadoray.com\/wp-content\/uploads\/2017\/12\/abogados-de-migracion-ray-logo-copy.png\",\"width\":360,\"height\":202,\"caption\":\"Ybarra Maldonado Law Group\"},\"image\":{\"@id\":\"https:\/\/abogadoray.com\/#\/schema\/logo\/image\/\"},\"sameAs\":[\"https:\/\/www.facebook.com\/abogadoray\/\",\"https:\/\/x.com\/abogadoray\",\"https:\/\/abogadoray\",\"https:\/\/www.linkedin.com\/in\/ray-ybarra-maldonado-6b1b3044\/\",\"https:\/\/www.youtube.com\/channel\/UC0_lzX6okOXa3YHvq3jIM_A\"]}]}<\/script>\n<!-- \/ Yoast SEO plugin. -->","yoast_head_json":{"title":"Juan Chaparro | Asistente Legal de Inmigraci\u00f3n","description":"Asistente legal de inmigraci\u00f3n con experiencia, especializada en solicitudes de fianza, h\u00e1beas corpus y casos de deportaci\u00f3n. Comprometida a brindar apoyo legal a las familias.","robots":{"index":"index","follow":"follow","max-snippet":"max-snippet:-1","max-image-preview":"max-image-preview:large","max-video-preview":"max-video-preview:-1"},"canonical":"https:\/\/abogadoray.com\/es\/nuestro-equipo\/juan-chaparro\/","og_locale":"es_MX","og_type":"article","og_title":"Juan Chaparro | Immigration Paralegal","og_description":"Experienced immigration paralegal specializing in bond motions, habeas corpus, and removal cases. Committed to providing legal support for families.","og_url":"https:\/\/abogadoray.com\/es\/nuestro-equipo\/juan-chaparro\/","og_site_name":"Ybarra Maldonado Law Group | Phoenix Law Firm","article_publisher":"https:\/\/www.facebook.com\/abogadoray\/","og_image":[{"width":473,"height":624,"url":"https:\/\/abogadoray.com\/wp-content\/uploads\/2026\/03\/Juan-Chaparro-photo-1.jpg","type":"image\/jpeg"}],"twitter_card":"summary_large_image","twitter_site":"@abogadoray","twitter_misc":{"Tiempo de lectura":"3 minutos"},"schema":{"@context":"https:\/\/schema.org","@graph":[{"@type":"WebPage","@id":"https:\/\/abogadoray.com\/our-team\/juan-chaparro\/","url":"https:\/\/abogadoray.com\/our-team\/juan-chaparro\/","name":"Juan Chaparro | Asistente Legal de Inmigraci\u00f3n","isPartOf":{"@id":"https:\/\/abogadoray.com\/#website"},"primaryImageOfPage":{"@id":"https:\/\/abogadoray.com\/our-team\/juan-chaparro\/#primaryimage"},"image":{"@id":"https:\/\/abogadoray.com\/our-team\/juan-chaparro\/#primaryimage"},"thumbnailUrl":"https:\/\/abogadoray.com\/wp-content\/uploads\/2026\/03\/Juan-Chaparro-photo-1.jpg","datePublished":"2026-03-11T16:57:46+00:00","description":"Asistente legal de inmigraci\u00f3n con experiencia, especializada en solicitudes de fianza, h\u00e1beas corpus y casos de deportaci\u00f3n. Comprometida a brindar apoyo legal a las familias.","breadcrumb":{"@id":"https:\/\/abogadoray.com\/our-team\/juan-chaparro\/#breadcrumb"},"inLanguage":"es","potentialAction":[{"@type":"ReadAction","target":["https:\/\/abogadoray.com\/our-team\/juan-chaparro\/"]}]},{"@type":"ImageObject","inLanguage":"es","@id":"https:\/\/abogadoray.com\/our-team\/juan-chaparro\/#primaryimage","url":"https:\/\/abogadoray.com\/wp-content\/uploads\/2026\/03\/Juan-Chaparro-photo-1.jpg","contentUrl":"https:\/\/abogadoray.com\/wp-content\/uploads\/2026\/03\/Juan-Chaparro-photo-1.jpg","width":473,"height":624},{"@type":"BreadcrumbList","@id":"https:\/\/abogadoray.com\/our-team\/juan-chaparro\/#breadcrumb","itemListElement":[{"@type":"ListItem","position":1,"name":"Home","item":"https:\/\/abogadoray.com\/"},{"@type":"ListItem","position":2,"name":"Our Team","item":"https:\/\/abogadoray.com\/our-team\/"},{"@type":"ListItem","position":3,"name":"Juan Chaparro"}]},{"@type":"WebSite","@id":"https:\/\/abogadoray.com\/#website","url":"https:\/\/abogadoray.com\/","name":"Ybarra Maldonado Law Group | Bufete de abogados de Phoenix","description":"Reuniendo familias, manteni\u00e9ndolas juntas","publisher":{"@id":"https:\/\/abogadoray.com\/#organization"},"potentialAction":[{"@type":"SearchAction","target":{"@type":"EntryPoint","urlTemplate":"https:\/\/abogadoray.com\/?s={search_term_string}"},"query-input":{"@type":"PropertyValueSpecification","valueRequired":true,"valueName":"search_term_string"}}],"inLanguage":"es"},{"@type":"Organization","@id":"https:\/\/abogadoray.com\/#organization","name":"Ybarra Maldonado Law Group,","url":"https:\/\/abogadoray.com\/","logo":{"@type":"ImageObject","inLanguage":"es","@id":"https:\/\/abogadoray.com\/#\/schema\/logo\/image\/","url":"https:\/\/abogadoray.com\/wp-content\/uploads\/2017\/12\/abogados-de-migracion-ray-logo-copy.png","contentUrl":"https:\/\/abogadoray.com\/wp-content\/uploads\/2017\/12\/abogados-de-migracion-ray-logo-copy.png","width":360,"height":202,"caption":"Ybarra Maldonado Law Group"},"image":{"@id":"https:\/\/abogadoray.com\/#\/schema\/logo\/image\/"},"sameAs":["https:\/\/www.facebook.com\/abogadoray\/","https:\/\/x.com\/abogadoray","https:\/\/abogadoray","https:\/\/www.linkedin.com\/in\/ray-ybarra-maldonado-6b1b3044\/","https:\/\/www.youtube.com\/channel\/UC0_lzX6okOXa3YHvq3jIM_A"]}]}},"_links":{"self":[{"href":"https:\/\/abogadoray.com\/es\/wp-json\/wp\/v2\/pages\/7180","targetHints":{"allow":["GET"]}}],"collection":[{"href":"https:\/\/abogadoray.com\/es\/wp-json\/wp\/v2\/pages"}],"about":[{"href":"https:\/\/abogadoray.com\/es\/wp-json\/wp\/v2\/types\/page"}],"author":[{"embeddable":true,"href":"https:\/\/abogadoray.com\/es\/wp-json\/wp\/v2\/users\/28"}],"replies":[{"embeddable":true,"href":"https:\/\/abogadoray.com\/es\/wp-json\/wp\/v2\/comments?post=7180"}],"version-history":[{"count":0,"href":"https:\/\/abogadoray.com\/es\/wp-json\/wp\/v2\/pages\/7180\/revisions"}],"up":[{"embeddable":true,"href":"https:\/\/abogadoray.com\/es\/wp-json\/wp\/v2\/pages\/3302"}],"wp:featuredmedia":[{"embeddable":true,"href":"https:\/\/abogadoray.com\/es\/wp-json\/wp\/v2\/media\/7181"}],"wp:attachment":[{"href":"https:\/\/abogadoray.com\/es\/wp-json\/wp\/v2\/media?parent=7180"}],"wp:term":[{"taxonomy":"post_tag","embeddable":true,"href":"https:\/\/abogadoray.com\/es\/wp-json\/wp\/v2\/tags?post=7180"}],"curies":[{"name":"gracias","href":"https:\/\/api.w.org\/{rel}","templated":true}]}}